{"id":4874,"date":"2021-12-07T12:42:16","date_gmt":"2021-12-07T12:42:16","guid":{"rendered":"https:\/\/2022.igeday.com\/?page_id=4874"},"modified":"2025-06-13T10:39:59","modified_gmt":"2025-06-13T10:39:59","slug":"pressrum","status":"publish","type":"page","link":"https:\/\/womengineer.org\/en\/pressrum\/","title":{"rendered":"Press room"},"content":{"rendered":"<div data-elementor-type=\"wp-page\" data-elementor-id=\"4874\" class=\"elementor elementor-4874\" data-elementor-post-type=\"page\">\n\t\t\t\t\t\t<section class=\"elementor-section elementor-top-section elementor-element elementor-element-ln78ooh elementor-section-content-middle elementor-reverse-mobile elementor-section-boxed elementor-section-height-default elementor-section-height-default\" data-id=\"ln78ooh\" data-element_type=\"section\" data-e-type=\"section\" data-settings=\"{&quot;background_background&quot;:&quot;classic&quot;}\">\n\t\t\t\t\t\t\t<div class=\"elementor-background-overlay\"><\/div>\n\t\t\t\t\t\t\t<div class=\"elementor-container elementor-column-gap-default\">\n\t\t\t\t\t<div class=\"elementor-column elementor-col-100 elementor-top-column elementor-element elementor-element-19ccd34\" data-id=\"19ccd34\" data-element_type=\"column\" data-e-type=\"column\">\n\t\t\t<div class=\"elementor-widget-wrap elementor-element-populated\">\n\t\t\t\t\t\t<div class=\"elementor-element elementor-element-b65a265 elementor-invisible elementor-widget elementor-widget-heading\" data-id=\"b65a265\" data-element_type=\"widget\" data-e-type=\"widget\" data-settings=\"{&quot;_animation_mobile&quot;:&quot;pulse&quot;,&quot;_animation&quot;:&quot;pulse&quot;}\" data-widget_type=\"heading.default\">\n\t\t\t\t\t<h2 class=\"elementor-heading-title elementor-size-default\">Press room<\/h2>\t\t\t\t<\/div>\n\t\t\t\t<div class=\"elementor-element elementor-element-02d77f5 elementor-widget elementor-widget-text-editor\" data-id=\"02d77f5\" data-element_type=\"widget\" data-e-type=\"widget\" data-widget_type=\"text-editor.default\">\n\t\t\t\t\t\t\t\t\t<p>Welcome to our press room. Here you will find our logos and graphic profile!<\/p>\t\t\t\t\t\t\t\t<\/div>\n\t\t\t\t\t<\/div>\n\t\t<\/div>\n\t\t\t\t\t<\/div>\n\t\t<\/section>\n\t\t\t\t<section class=\"elementor-section elementor-top-section elementor-element elementor-element-09mhw5g elementor-section-content-middle elementor-section-boxed elementor-section-height-default elementor-section-height-default\" data-id=\"09mhw5g\" data-element_type=\"section\" data-e-type=\"section\" data-settings=\"{&quot;background_background&quot;:&quot;classic&quot;}\">\n\t\t\t\t\t\t<div class=\"elementor-container elementor-column-gap-no\">\n\t\t\t\t\t<div class=\"elementor-column elementor-col-100 elementor-top-column elementor-element elementor-element-8712de8\" data-id=\"8712de8\" data-element_type=\"column\" data-e-type=\"column\">\n\t\t\t<div class=\"elementor-widget-wrap elementor-element-populated\">\n\t\t\t\t\t\t<div class=\"elementor-element elementor-element-8f19103 elementor-widget elementor-widget-heading\" data-id=\"8f19103\" data-element_type=\"widget\" data-e-type=\"widget\" data-widget_type=\"heading.default\">\n\t\t\t\t\t<h2 class=\"elementor-heading-title elementor-size-default\">Logos<\/h2>\t\t\t\t<\/div>\n\t\t\t\t<div class=\"elementor-element elementor-element-4682809 elementor-widget elementor-widget-heading\" data-id=\"4682809\" data-element_type=\"widget\" data-e-type=\"widget\" data-widget_type=\"heading.default\">\n\t\t\t\t\t<h5 class=\"elementor-heading-title elementor-size-default\"><span style=\"font-weight: normal\">It is not permitted to manipulate the shape of the logos. For the light and dark logos, please use the logo that creates the best readability.<\/span><\/h5>\t\t\t\t<\/div>\n\t\t\t\t<div class=\"elementor-element elementor-element-41a7c63 elementor-align-center elementor-widget elementor-widget-button\" data-id=\"41a7c63\" data-element_type=\"widget\" data-e-type=\"widget\" data-widget_type=\"button.default\">\n\t\t\t\t\t\t\t\t\t\t<a class=\"elementor-button elementor-button-link elementor-size-sm\" href=\"https:\/\/igeday.com\/wp-content\/uploads\/2025\/06\/Grafisk-Profil-For-externt-bruk-1.pdf\" target=\"_blank\">\n\t\t\t\t\t\t<span class=\"elementor-button-content-wrapper\">\n\t\t\t\t\t\t\t\t\t<span class=\"elementor-button-text\">DOWNLOAD OUR DESIGN GUIDELINES<\/span>\n\t\t\t\t\t<\/span>\n\t\t\t\t\t<\/a>\n\t\t\t\t\t\t\t\t<\/div>\n\t\t\t\t<div class=\"elementor-element elementor-element-523cd3c elementor-widget elementor-widget-image\" data-id=\"523cd3c\" data-element_type=\"widget\" data-e-type=\"widget\" data-widget_type=\"image.default\">\n\t\t\t\t\t\t\t\t\t\t\t\t<figure class=\"wp-caption\">\n\t\t\t\t\t\t\t\t\t\t\t<a href=\"https:\/\/i0.wp.com\/womengineer.org\/wp-content\/uploads\/2024\/11\/WE_logo_text_dark-3.png?ssl=1\">\n\t\t\t\t\t\t\t<img decoding=\"async\" width=\"300\" height=\"35\" src=\"https:\/\/i0.wp.com\/womengineer.org\/wp-content\/uploads\/2024\/11\/WE_logo_text_dark-3.png?fit=300%2C35&amp;ssl=1\" class=\"attachment-medium size-medium wp-image-21299\" alt=\"\" srcset=\"https:\/\/i0.wp.com\/womengineer.org\/wp-content\/uploads\/2024\/11\/WE_logo_text_dark-3.png?w=6520&amp;ssl=1 6520w, https:\/\/i0.wp.com\/womengineer.org\/wp-content\/uploads\/2024\/11\/WE_logo_text_dark-3.png?resize=300%2C35&amp;ssl=1 300w, https:\/\/i0.wp.com\/womengineer.org\/wp-content\/uploads\/2024\/11\/WE_logo_text_dark-3.png?resize=1024%2C120&amp;ssl=1 1024w, https:\/\/i0.wp.com\/womengineer.org\/wp-content\/uploads\/2024\/11\/WE_logo_text_dark-3.png?resize=768%2C90&amp;ssl=1 768w, https:\/\/i0.wp.com\/womengineer.org\/wp-content\/uploads\/2024\/11\/WE_logo_text_dark-3.png?resize=1536%2C180&amp;ssl=1 1536w, https:\/\/i0.wp.com\/womengineer.org\/wp-content\/uploads\/2024\/11\/WE_logo_text_dark-3.png?resize=2048%2C239&amp;ssl=1 2048w, https:\/\/i0.wp.com\/womengineer.org\/wp-content\/uploads\/2024\/11\/WE_logo_text_dark-3.png?w=2400&amp;ssl=1 2400w, https:\/\/i0.wp.com\/womengineer.org\/wp-content\/uploads\/2024\/11\/WE_logo_text_dark-3.png?w=3600&amp;ssl=1 3600w\" sizes=\"(max-width: 300px) 100vw, 300px\" \/>\t\t\t\t\t\t\t\t<\/a>\n\t\t\t\t\t\t\t\t\t\t\t<figcaption class=\"widget-image-caption wp-caption-text\"><\/figcaption>\n\t\t\t\t\t\t\t\t\t\t<\/figure>\n\t\t\t\t\t\t\t\t\t<\/div>\n\t\t\t\t<div class=\"elementor-element elementor-element-f65471b elementor-widget elementor-widget-image\" data-id=\"f65471b\" data-element_type=\"widget\" data-e-type=\"widget\" data-widget_type=\"image.default\">\n\t\t\t\t\t\t\t\t\t\t\t\t<figure class=\"wp-caption\">\n\t\t\t\t\t\t\t\t\t\t\t<a href=\"https:\/\/i0.wp.com\/womengineer.org\/wp-content\/uploads\/2024\/11\/WE_logo_text_white-2.png?ssl=1\">\n\t\t\t\t\t\t\t<img decoding=\"async\" width=\"300\" height=\"35\" src=\"https:\/\/i0.wp.com\/womengineer.org\/wp-content\/uploads\/2024\/11\/WE_logo_text_white-2.png?fit=300%2C35&amp;ssl=1\" class=\"attachment-medium size-medium wp-image-21300\" alt=\"\" srcset=\"https:\/\/i0.wp.com\/womengineer.org\/wp-content\/uploads\/2024\/11\/WE_logo_text_white-2.png?w=6520&amp;ssl=1 6520w, https:\/\/i0.wp.com\/womengineer.org\/wp-content\/uploads\/2024\/11\/WE_logo_text_white-2.png?resize=300%2C35&amp;ssl=1 300w, https:\/\/i0.wp.com\/womengineer.org\/wp-content\/uploads\/2024\/11\/WE_logo_text_white-2.png?resize=1024%2C120&amp;ssl=1 1024w, https:\/\/i0.wp.com\/womengineer.org\/wp-content\/uploads\/2024\/11\/WE_logo_text_white-2.png?resize=768%2C90&amp;ssl=1 768w, https:\/\/i0.wp.com\/womengineer.org\/wp-content\/uploads\/2024\/11\/WE_logo_text_white-2.png?resize=1536%2C180&amp;ssl=1 1536w, https:\/\/i0.wp.com\/womengineer.org\/wp-content\/uploads\/2024\/11\/WE_logo_text_white-2.png?resize=2048%2C239&amp;ssl=1 2048w, https:\/\/i0.wp.com\/womengineer.org\/wp-content\/uploads\/2024\/11\/WE_logo_text_white-2.png?w=2400&amp;ssl=1 2400w, https:\/\/i0.wp.com\/womengineer.org\/wp-content\/uploads\/2024\/11\/WE_logo_text_white-2.png?w=3600&amp;ssl=1 3600w\" sizes=\"(max-width: 300px) 100vw, 300px\" \/>\t\t\t\t\t\t\t\t<\/a>\n\t\t\t\t\t\t\t\t\t\t\t<figcaption class=\"widget-image-caption wp-caption-text\"><\/figcaption>\n\t\t\t\t\t\t\t\t\t\t<\/figure>\n\t\t\t\t\t\t\t\t\t<\/div>\n\t\t\t\t<div class=\"elementor-element elementor-element-edde4fd elementor-widget elementor-widget-image\" data-id=\"edde4fd\" data-element_type=\"widget\" data-e-type=\"widget\" data-widget_type=\"image.default\">\n\t\t\t\t\t\t\t\t\t\t\t\t<figure class=\"wp-caption\">\n\t\t\t\t\t\t\t\t\t\t\t<a href=\"https:\/\/i0.wp.com\/womengineer.org\/wp-content\/uploads\/2024\/11\/WE_logo_symbol_dcircle-2.png?ssl=1\">\n\t\t\t\t\t\t\t<img decoding=\"async\" width=\"150\" height=\"150\" src=\"https:\/\/i0.wp.com\/womengineer.org\/wp-content\/uploads\/2024\/11\/WE_logo_symbol_dcircle-2.png?resize=150%2C150&amp;ssl=1\" class=\"attachment-thumbnail size-thumbnail wp-image-21301\" alt=\"\" srcset=\"https:\/\/i0.wp.com\/womengineer.org\/wp-content\/uploads\/2024\/11\/WE_logo_symbol_dcircle-2.png?w=1078&amp;ssl=1 1078w, https:\/\/i0.wp.com\/womengineer.org\/wp-content\/uploads\/2024\/11\/WE_logo_symbol_dcircle-2.png?resize=300%2C300&amp;ssl=1 300w, https:\/\/i0.wp.com\/womengineer.org\/wp-content\/uploads\/2024\/11\/WE_logo_symbol_dcircle-2.png?resize=1024%2C1024&amp;ssl=1 1024w, https:\/\/i0.wp.com\/womengineer.org\/wp-content\/uploads\/2024\/11\/WE_logo_symbol_dcircle-2.png?resize=150%2C150&amp;ssl=1 150w, https:\/\/i0.wp.com\/womengineer.org\/wp-content\/uploads\/2024\/11\/WE_logo_symbol_dcircle-2.png?resize=768%2C768&amp;ssl=1 768w\" sizes=\"(max-width: 150px) 100vw, 150px\" \/>\t\t\t\t\t\t\t\t<\/a>\n\t\t\t\t\t\t\t\t\t\t\t<figcaption class=\"widget-image-caption wp-caption-text\"><\/figcaption>\n\t\t\t\t\t\t\t\t\t\t<\/figure>\n\t\t\t\t\t\t\t\t\t<\/div>\n\t\t\t\t<div class=\"elementor-element elementor-element-4655a51 elementor-widget elementor-widget-image\" data-id=\"4655a51\" data-element_type=\"widget\" data-e-type=\"widget\" data-widget_type=\"image.default\">\n\t\t\t\t\t\t\t\t\t\t\t\t<figure class=\"wp-caption\">\n\t\t\t\t\t\t\t\t\t\t\t<a href=\"https:\/\/i0.wp.com\/womengineer.org\/wp-content\/uploads\/2024\/11\/WE_logo_symbol_wcircle-2.png?ssl=1\">\n\t\t\t\t\t\t\t<img loading=\"lazy\" decoding=\"async\" width=\"150\" height=\"150\" src=\"https:\/\/i0.wp.com\/womengineer.org\/wp-content\/uploads\/2024\/11\/WE_logo_symbol_wcircle-2.png?resize=150%2C150&amp;ssl=1\" class=\"attachment-thumbnail size-thumbnail wp-image-21302\" alt=\"\" srcset=\"https:\/\/i0.wp.com\/womengineer.org\/wp-content\/uploads\/2024\/11\/WE_logo_symbol_wcircle-2.png?w=1078&amp;ssl=1 1078w, https:\/\/i0.wp.com\/womengineer.org\/wp-content\/uploads\/2024\/11\/WE_logo_symbol_wcircle-2.png?resize=300%2C300&amp;ssl=1 300w, https:\/\/i0.wp.com\/womengineer.org\/wp-content\/uploads\/2024\/11\/WE_logo_symbol_wcircle-2.png?resize=1024%2C1024&amp;ssl=1 1024w, https:\/\/i0.wp.com\/womengineer.org\/wp-content\/uploads\/2024\/11\/WE_logo_symbol_wcircle-2.png?resize=150%2C150&amp;ssl=1 150w, https:\/\/i0.wp.com\/womengineer.org\/wp-content\/uploads\/2024\/11\/WE_logo_symbol_wcircle-2.png?resize=768%2C768&amp;ssl=1 768w\" sizes=\"(max-width: 150px) 100vw, 150px\" \/>\t\t\t\t\t\t\t\t<\/a>\n\t\t\t\t\t\t\t\t\t\t\t<figcaption class=\"widget-image-caption wp-caption-text\"><\/figcaption>\n\t\t\t\t\t\t\t\t\t\t<\/figure>\n\t\t\t\t\t\t\t\t\t<\/div>\n\t\t\t\t\t<\/div>\n\t\t<\/div>\n\t\t\t\t\t<\/div>\n\t\t<\/section>\n\t\t\t\t<section class=\"elementor-section elementor-top-section elementor-element elementor-element-411e734 elementor-section-boxed elementor-section-height-default elementor-section-height-default\" data-id=\"411e734\" data-element_type=\"section\" data-e-type=\"section\" data-settings=\"{&quot;shape_divider_top&quot;:&quot;opacity-tilt&quot;}\">\n\t\t\t\t\t<div class=\"elementor-shape elementor-shape-top\" aria-hidden=\"true\" data-negative=\"false\">\n\t\t\t<svg xmlns=\"http:\/\/www.w3.org\/2000\/svg\" viewbox=\"0 0 2600 131.1\" preserveaspectratio=\"none\">\n\t<path class=\"elementor-shape-fill\" d=\"M0 0L2600 0 2600 69.1 0 0z\"\/>\n\t<path class=\"elementor-shape-fill\" style=\"opacity:0.5\" d=\"M0 0L2600 0 2600 69.1 0 69.1z\"\/>\n\t<path class=\"elementor-shape-fill\" style=\"opacity:0.25\" d=\"M2600 0L0 0 0 130.1 2600 69.1z\"\/>\n<\/svg>\t\t<\/div>\n\t\t\t\t\t<div class=\"elementor-container elementor-column-gap-default\">\n\t\t\t\t\t<div class=\"elementor-column elementor-col-100 elementor-top-column elementor-element elementor-element-d486a3a\" data-id=\"d486a3a\" data-element_type=\"column\" data-e-type=\"column\">\n\t\t\t<div class=\"elementor-widget-wrap elementor-element-populated\">\n\t\t\t\t\t\t<div class=\"elementor-element elementor-element-6ab9a18 elementor-widget elementor-widget-spacer\" data-id=\"6ab9a18\" data-element_type=\"widget\" data-e-type=\"widget\" data-widget_type=\"spacer.default\">\n\t\t\t\t\t\t\t<div class=\"elementor-spacer\">\n\t\t\t<div class=\"elementor-spacer-inner\"><\/div>\n\t\t<\/div>\n\t\t\t\t\t\t<\/div>\n\t\t\t\t<div class=\"elementor-element elementor-element-f435773 elementor-widget elementor-widget-heading\" data-id=\"f435773\" data-element_type=\"widget\" data-e-type=\"widget\" data-widget_type=\"heading.default\">\n\t\t\t\t\t<h3 class=\"elementor-heading-title elementor-size-default\">Mentions in the media<\/h3>\t\t\t\t<\/div>\n\t\t\t\t<section class=\"elementor-section elementor-inner-section elementor-element elementor-element-b5c09b0 elementor-section-boxed elementor-section-height-default elementor-section-height-default\" data-id=\"b5c09b0\" data-element_type=\"section\" data-e-type=\"section\">\n\t\t\t\t\t\t<div class=\"elementor-container elementor-column-gap-default\">\n\t\t\t\t\t<div class=\"elementor-column elementor-col-50 elementor-inner-column elementor-element elementor-element-86cf655\" data-id=\"86cf655\" data-element_type=\"column\" data-e-type=\"column\">\n\t\t\t<div class=\"elementor-widget-wrap elementor-element-populated\">\n\t\t\t\t\t\t<div class=\"elementor-element elementor-element-ca55608 elementor-widget elementor-widget-text-editor\" data-id=\"ca55608\" data-element_type=\"widget\" data-e-type=\"widget\" data-widget_type=\"text-editor.default\">\n\t\t\t\t\t\t\t\t\t<h5>2025<\/h5><p>Sveriges Radio: <a href=\"https:\/\/www.sverigesradio.se\/avsnitt\/2557124\">Morning in P4 Stockholm<\/a> (from 03:54:00)<\/p><p>Tidningen 7: <a href=\"https:\/\/7an.prenly.com\/p\/tidningen-7\/2025-04-24\/a\/fler-tjejer-valjer-teknikyrken-men-inte-i-ornskoldsvik\/3479\/1895827\/62400539\">More girls are choosing technical professions \u2013 but not in \u00d6rnsk\u00f6ldsvik<\/a><\/p><p>Novatron Fusion Group:<a href=\"https:\/\/www.novatronfusion.com\/news\/2025-inspiring-the-next-generation-novatron-fusion-group-hosts-introduce-a-girl-to-engineering-day-at-kth-royal-institute-of-technology\"> Inspiring the next generation: Novatron Fusion Group hosts \u201cIntroduce a Girl to Engineering Day\u201d at KTH Royal Institute of Technology<\/a><\/p>\t\t\t\t\t\t\t\t<\/div>\n\t\t\t\t<div class=\"elementor-element elementor-element-bef2336 elementor-widget elementor-widget-text-editor\" data-id=\"bef2336\" data-element_type=\"widget\" data-e-type=\"widget\" data-widget_type=\"text-editor.default\">\n\t\t\t\t\t\t\t\t\t<h5>2023<\/h5><p>Dagensn\u00e4ringsliv.se:\u00a0<a href=\"https:\/\/www.dagensnaringsliv.se\/20231123\/262407\/debatt-sveriges-brist-pa-ingenjor-hotar-landets-framtida-utveckling\" target=\"_blank\" rel=\"noopener\">Sweden&#039;s shortage of engineers threatens the country&#039;s future development<\/a><\/p><p>Industrinyheter.se:\u00a0<a href=\"https:\/\/www.industrinyheter.se\/20231123\/38285\/debatt-sveriges-brist-pa-ingenjor-hotar-landets-framtida-utveckling\" target=\"_blank\" rel=\"noopener\">Debate \u2013 Sweden&#039;s lack of engineers threatens the country&#039;s future development<\/a><\/p><p>Chalmers.se:\u00a0<a href=\"https:\/\/www.chalmers.se\/aktuellt\/nyheter\/m2-28-tekniknyfikna-tjejer-introducerades-till-ingenjorsyrket-pa-ige-day\/\" target=\"_blank\" rel=\"noopener\">28 technology-curious girls were introduced to the engineering profession at IGEday<\/a><\/p><p>\u00d6rebronyheter.com: <a href=\"https:\/\/www.orebronyheter.com\/rekordevent-for-mangfald-lanseras-i-frovi-orebro-och-garphyttan\/\" target=\"_blank\" rel=\"noopener\">Record-breaking event for diversity launched in Fr\u00f6vi, \u00d6rebro and Garphyttan<\/a><\/p>\t\t\t\t\t\t\t\t<\/div>\n\t\t\t\t<div class=\"elementor-element elementor-element-c06dade elementor-widget elementor-widget-text-editor\" data-id=\"c06dade\" data-element_type=\"widget\" data-e-type=\"widget\" data-widget_type=\"text-editor.default\">\n\t\t\t\t\t\t\t\t\t<h5>2021<\/h5><p>CETIS newsletter, Nov 2021 pp.10-11:\u00a0<a href=\"https:\/\/liu.se\/cetis\/nyhetsbrev\" target=\"_blank\" rel=\"noopener\">Technical knowledge is a democratic issue<\/a><\/p><p>Magasin t (Teknikf\u00f6retagen):\u00a0<a href=\"https:\/\/t.teknikforetagen.se\/samhallsutveckling\/sa-kan-bilden-av-teknik-breddas\/\" target=\"_blank\" rel=\"noopener\">\u201cThis is how the image of technology can be broadened\u201d<\/a><\/p><p>Magasin t (Teknikf\u00f6retagen):\u00a0<a href=\"https:\/\/t.teknikforetagen.se\/kompetensforsorjning\/darfor-valjer-tjejer-bort-teknik\/\" target=\"_blank\" rel=\"noopener\">\u201cThat&#039;s why girls choose not to use technology\u201d<\/a><\/p>\t\t\t\t\t\t\t\t<\/div>\n\t\t\t\t\t<\/div>\n\t\t<\/div>\n\t\t\t\t<div class=\"elementor-column elementor-col-50 elementor-inner-column elementor-element elementor-element-3aac01c\" data-id=\"3aac01c\" data-element_type=\"column\" data-e-type=\"column\">\n\t\t\t<div class=\"elementor-widget-wrap elementor-element-populated\">\n\t\t\t\t\t\t<div class=\"elementor-element elementor-element-b95153f elementor-widget elementor-widget-text-editor\" data-id=\"b95153f\" data-element_type=\"widget\" data-e-type=\"widget\" data-widget_type=\"text-editor.default\">\n\t\t\t\t\t\t\t\t\t<h5>2024<\/h5><p>NyTeknik.se: <a href=\"https:\/\/www.nyteknik.se\/nytt-fran-ny-teknik\/ny-tekniks-chefredaktor-darfor-inleder-vi-samarbete-med-womengineer\/4285859\" target=\"_blank\" rel=\"noopener\">Ny Teknik&#039;s editor-in-chief: That&#039;s why we&#039;re starting a collaboration with Womengineer<\/a><\/p><p>NyTeknik.se: <a href=\"https:\/\/www.nyteknik.se\/wera\/det-har-ar-wera-natverket-som-ska-starka-kvinnliga-ingenjorer\/4291891\" target=\"_blank\" rel=\"noopener\">This is Wera \u2013 the network that will empower female engineers<\/a><\/p>\t\t\t\t\t\t\t\t<\/div>\n\t\t\t\t<div class=\"elementor-element elementor-element-277e670 elementor-widget elementor-widget-text-editor\" data-id=\"277e670\" data-element_type=\"widget\" data-e-type=\"widget\" data-widget_type=\"text-editor.default\">\n\t\t\t\t\t\t\t\t\t<h5>2022<\/h5><p style=\"font-size: 16px; font-style: normal; font-weight: 400;\">Utbildning.se:\u00a0<a style=\"transition-property: all;\" href=\"https:\/\/www.utbildning.se\/inspiration\/artiklar\/womengineer-ingenjor-15620\" target=\"_blank\" rel=\"noopener\">Womengineer wants to inspire more women to become engineers<\/a><\/p><p style=\"font-size: 16px; font-style: normal; font-weight: 400;\">Dagens Industri:\u00a0<a style=\"transition-property: all;\" href=\"https:\/\/www.di.se\/nyheter\/borsjattarna-gor-tonarstjejer-till-ingenjorer\/\" target=\"_blank\" rel=\"noopener\">Stock market giants turn teenage girls into engineers<\/a><\/p><p style=\"font-size: 16px; font-style: normal; font-weight: 400;\">Sydsvenskan:\u00a0<a style=\"transition-property: all;\" href=\"https:\/\/www.sydsvenskan.se\/2022-03-29\/inspirationsdag-lockar-fler-tjejer-att-valja-ingenjorsyrket\" target=\"_blank\" rel=\"noopener\">Inspiration Day attracts more girls to choose engineering<\/a><\/p><p style=\"font-size: 16px; font-style: normal; font-weight: 400;\">Sm\u00e5l\u00e4nningen:\u00a0<a style=\"transition-property: all;\" href=\"https:\/\/www.smalanningen.se\/2022-03-29\/tv-mot-tekniktjejerna-som-vill-utveckla-framtidens-billyhylla\" target=\"_blank\" rel=\"noopener\">Meet the tech girls who want to develop the Billy shelf of the future<\/a><\/p>\t\t\t\t\t\t\t\t<\/div>\n\t\t\t\t<div class=\"elementor-element elementor-element-e2aa980 elementor-widget elementor-widget-text-editor\" data-id=\"e2aa980\" data-element_type=\"widget\" data-e-type=\"widget\" data-widget_type=\"text-editor.default\">\n\t\t\t\t\t\t\t\t\t<h5>2020<\/h5><p>NewTechnology:\u00a0<a href=\"https:\/\/www.nyteknik.se\/ingenjorskarriar\/arets-ige-day-blir-digital-inspirationsdag-for-teknikintresserade-tjejer-6992243\" target=\"_blank\" rel=\"noopener\">\u201cThis year&#039;s IGE-day will be a digital inspiration day for girls interested in technology\u201d<\/a><\/p><p>Magasin t (Teknikf\u00f6retagen):\u00a0<a href=\"https:\/\/t.teknikforetagen.se\/hallbart-arbetsliv\/eldsjalen-visar-vagen-till-tjejers-teknikintresse\/\" target=\"_blank\" rel=\"noopener\">\u201cThe Enthusiast shows the way to girls\u201d interest in technology\u201d<\/a><\/p><p>Kollega:\u00a0<a href=\"https:\/\/www.kollega.se\/snedrekryteringen-av-ingenjorer-gar-att-paverka\" target=\"_blank\" rel=\"noopener\">\u201cThe recruitment of engineers can be influenced\u201d<\/a><\/p>\t\t\t\t\t\t\t\t<\/div>\n\t\t\t\t\t<\/div>\n\t\t<\/div>\n\t\t\t\t\t<\/div>\n\t\t<\/section>\n\t\t\t\t\t<\/div>\n\t\t<\/div>\n\t\t\t\t\t<\/div>\n\t\t<\/section>\n\t\t<div class=\"elementor-element elementor-element-5c68989 e-flex e-con-boxed e-con e-parent\" data-id=\"5c68989\" data-element_type=\"container\" data-e-type=\"container\">\n\t\t\t\t\t<div class=\"e-con-inner\">\n\t\t\t\t<div class=\"elementor-element elementor-element-5912a0c elementor-widget elementor-widget-button\" data-id=\"5912a0c\" data-element_type=\"widget\" data-e-type=\"widget\" data-widget_type=\"button.default\">\n\t\t\t\t\t\t\t\t\t\t<a class=\"elementor-button elementor-button-link elementor-size-sm\" href=\"https:\/\/womengineer.org\/en\/pressmeddelande\/\">\n\t\t\t\t\t\t<span class=\"elementor-button-content-wrapper\">\n\t\t\t\t\t\t\t\t\t<span class=\"elementor-button-text\">Our press releases<\/span>\n\t\t\t\t\t<\/span>\n\t\t\t\t\t<\/a>\n\t\t\t\t\t\t\t\t<\/div>\n\t\t\t\t\t<\/div>\n\t\t\t\t<\/div>\n\t\t<div class=\"elementor-element elementor-element-7171bf0 e-flex e-con-boxed e-con e-parent\" data-id=\"7171bf0\" data-element_type=\"container\" data-e-type=\"container\">\n\t\t\t\t\t<div class=\"e-con-inner\">\n\t\t\t\t<div class=\"elementor-element elementor-element-c1157a0 elementor-widget elementor-widget-spacer\" data-id=\"c1157a0\" data-element_type=\"widget\" data-e-type=\"widget\" data-widget_type=\"spacer.default\">\n\t\t\t\t\t\t\t<div class=\"elementor-spacer\">\n\t\t\t<div class=\"elementor-spacer-inner\"><\/div>\n\t\t<\/div>\n\t\t\t\t\t\t<\/div>\n\t\t\t\t\t<\/div>\n\t\t\t\t<\/div>\n\t\t\t\t<\/div>","protected":false},"excerpt":{"rendered":"<p>Pressrum V\u00e4lkommen till v\u00e5rt pressrum. H\u00e4r hittar du v\u00e5ra loggor och grafiska profil! Logotyper Det \u00e4r inte till\u00e5tet att manipulera [&hellip;]<\/p>\n","protected":false},"author":2,"featured_media":21222,"parent":0,"menu_order":0,"comment_status":"closed","ping_status":"closed","template":"","meta":{"content-type":"","_exactmetrics_skip_tracking":false,"_exactmetrics_sitenote_active":false,"_exactmetrics_sitenote_note":"","_exactmetrics_sitenote_category":0,"site-sidebar-layout":"no-sidebar","site-content-layout":"page-builder","ast-site-content-layout":"default","site-content-style":"default","site-sidebar-style":"default","ast-global-header-display":"","ast-banner-title-visibility":"","ast-main-header-display":"","ast-hfb-above-header-display":"","ast-hfb-below-header-display":"","ast-hfb-mobile-header-display":"","site-post-title":"disabled","ast-breadcrumbs-content":"","ast-featured-img":"disabled","footer-sml-layout":"","theme-transparent-header-meta":"","adv-header-id-meta":"","stick-header-meta":"","header-above-stick-meta":"","header-main-stick-meta":"","header-below-stick-meta":"","astra-migrate-meta-layouts":"default","ast-page-background-enabled":"default","ast-page-background-meta":{"desktop":{"background-color":"var(--ast-global-color-4)","background-image":"","background-repeat":"repeat","background-position":"center center","background-size":"auto","background-attachment":"scroll","background-type":"","background-media":"","overlay-type":"","overlay-color":"","overlay-opacity":"","overlay-gradient":""},"tablet":{"background-color":"","background-image":"","background-repeat":"repeat","background-position":"center center","background-size":"auto","background-attachment":"scroll","background-type":"","background-media":"","overlay-type":"","overlay-color":"","overlay-opacity":"","overlay-gradient":""},"mobile":{"background-color":"","background-image":"","background-repeat":"repeat","background-position":"center center","background-size":"auto","background-attachment":"scroll","background-type":"","background-media":"","overlay-type":"","overlay-color":"","overlay-opacity":"","overlay-gradient":""}},"ast-content-background-meta":{"desktop":{"background-color":"var(--ast-global-color-5)","background-image":"","background-repeat":"repeat","background-position":"center center","background-size":"auto","background-attachment":"scroll","background-type":"","background-media":"","overlay-type":"","overlay-color":"","overlay-opacity":"","overlay-gradient":""},"tablet":{"background-color":"var(--ast-global-color-5)","background-image":"","background-repeat":"repeat","background-position":"center center","background-size":"auto","background-attachment":"scroll","background-type":"","background-media":"","overlay-type":"","overlay-color":"","overlay-opacity":"","overlay-gradient":""},"mobile":{"background-color":"var(--ast-global-color-5)","background-image":"","background-repeat":"repeat","background-position":"center center","background-size":"auto","background-attachment":"scroll","background-type":"","background-media":"","overlay-type":"","overlay-color":"","overlay-opacity":"","overlay-gradient":""}},"_themeisle_gutenberg_block_has_review":false,"footnotes":""},"class_list":["post-4874","page","type-page","status-publish","has-post-thumbnail","hentry"],"aioseo_notices":[],"jetpack_sharing_enabled":true,"_links":{"self":[{"href":"https:\/\/womengineer.org\/en\/wp-json\/wp\/v2\/pages\/4874","targetHints":{"allow":["GET"]}}],"collection":[{"href":"https:\/\/womengineer.org\/en\/wp-json\/wp\/v2\/pages"}],"about":[{"href":"https:\/\/womengineer.org\/en\/wp-json\/wp\/v2\/types\/page"}],"author":[{"embeddable":true,"href":"https:\/\/womengineer.org\/en\/wp-json\/wp\/v2\/users\/2"}],"replies":[{"embeddable":true,"href":"https:\/\/womengineer.org\/en\/wp-json\/wp\/v2\/comments?post=4874"}],"version-history":[{"count":652,"href":"https:\/\/womengineer.org\/en\/wp-json\/wp\/v2\/pages\/4874\/revisions"}],"predecessor-version":[{"id":39111,"href":"https:\/\/womengineer.org\/en\/wp-json\/wp\/v2\/pages\/4874\/revisions\/39111"}],"wp:featuredmedia":[{"embeddable":true,"href":"https:\/\/womengineer.org\/en\/wp-json\/wp\/v2\/media\/21222"}],"wp:attachment":[{"href":"https:\/\/womengineer.org\/en\/wp-json\/wp\/v2\/media?parent=4874"}],"curies":[{"name":"wp","href":"https:\/\/api.w.org\/{rel}","templated":true}]}}