{"id":3,"date":"2021-11-22T14:25:38","date_gmt":"2021-11-22T14:25:38","guid":{"rendered":"https:\/\/2022.igeday.com\/?page_id=3"},"modified":"2022-01-24T14:22:42","modified_gmt":"2022-01-24T14:22:42","slug":"integritetspolicy","status":"publish","type":"page","link":"https:\/\/womengineer.org\/en\/integritetspolicy\/","title":{"rendered":"Integritetspolicy"},"content":{"rendered":"<p><strong>STIFTELSEN WOMENGINEERS INTEGRITETSPOLICY<\/strong><\/p>\n\n\n\n<ol class=\"wp-block-list\"><li><strong>INLEDNING<\/strong><\/li><\/ol>\n\n\n\n<p>Stiftelsen Womengineer v\u00e4rnar om individens personliga integritet och \u00e4r m\u00e5n om att personuppgifter behandlas p\u00e5 ett s\u00e4kert, korrekt och lagenligt s\u00e4tt. Stiftelsen Womengineer har antagit denna policy i syfte att informera dig om hur vi behandlar dina personuppgifter. Om du p\u00e5 n\u00e5got vis ska l\u00e4mna personuppgifter till oss p\u00e5 Stiftelsen Womengineer uppmanar vi dig att f\u00f6rst l\u00e4sa igenom policyn.&nbsp;<\/p>\n\n\n\n<ol class=\"wp-block-list\" start=\"2\"><li><strong>PERSONUPPGIFTSANSVARIG&nbsp;<\/strong><\/li><\/ol>\n\n\n\n<p>Stiftelsen Womengineer, organisationsnummer 802481-2268, \u00e4r personuppgiftsansvarig f\u00f6r den personuppgiftsbehandling som beskrivs i denna policy. Har du fr\u00e5gor kring behandlingen om dina personuppgifter \u00e4r du v\u00e4lkommen att kontakta oss p\u00e5 info@womengineer.org.&nbsp;<\/p>\n\n\n\n<ol class=\"wp-block-list\" start=\"3\"><li><strong>HUR DINA PERSONUPPGIFTER BEHANDLAS&nbsp;<\/strong><\/li><\/ol>\n\n\n\n<p>3.1 <strong>Elevevent (t.ex. IGEday)<\/strong><\/p>\n\n\n\n<p><strong>Vilka personer behandlar vi personuppgifter om?<\/strong><\/p>\n\n\n\n<p>Elever som anm\u00e4lt sig att delta p\u00e5 ett event som anordnas genom Stiftelsen Womengineer och anh\u00f6rig till s\u00e5dan elev.<\/p>\n\n\n\n<p><strong>Vilka personuppgifter behandlar vi om dig?<\/strong><\/p>\n\n\n\n<p>Vad du heter, vilken skola du g\u00e5r p\u00e5, din \u00e5lder, och vilket event och\/eller f\u00f6retag du vill bes\u00f6ka, \u00e5rskurs, e-postadress, anh\u00f6rig och kontaktuppgifter till anh\u00f6rig samt l\u00e4rare, matpreferenser (om du uppger detta), information i kommunikation (e-post), historiklogg avseende vilka event du deltagit p\u00e5. Vidare behandlas historiklogg om vilka utskick vi s\u00e4nt dig och om du svarat p\u00e5 utv\u00e4rdering\/enk\u00e4tunders\u00f6kning (dina svar fr\u00e5n s\u00e5dan unders\u00f6kning sparas inte).<\/p>\n\n\n\n<p><strong>Hur dina uppgifter samlats in<\/strong><\/p>\n\n\n\n<p>Uppgifterna har vi f\u00e5tt av dig i samband med att du anm\u00e4ler dig till ett event via Stiftelsen Womengineer.&nbsp;<\/p>\n\n\n\n<p><strong>Varf\u00f6r och enligt vilken r\u00e4ttslig grund behandlar vi dina personuppgifter?&nbsp;<\/strong><\/p>\n\n\n\n<p><em>Samtycke<\/em><\/p>\n\n\n\n<p>Med st\u00f6d av ditt samtycke behandlar vi personuppgifter f\u00f6r f\u00f6ljande \u00e4ndam\u00e5l:<\/p>\n\n\n\n<ul class=\"wp-block-list\"><li>F\u00f6r att kunna skapa en anm\u00e4lan och administrera ditt deltagande inbegripet f\u00f6rse f\u00f6retaget som du ska bes\u00f6ka med uppgift om ditt deltagande.&nbsp;<\/li><li>F\u00f6r att kunna kontakta dig i fr\u00e5gor som r\u00f6r eventet och besvara fr\u00e5gor fr\u00e5n dig.<\/li><li>F\u00f6r att du ska kunna f\u00e5 lunch och fika under eventet.&nbsp;<\/li><li>Efter eventet \u00e4r vi intresserade att f\u00f6lja upp vad du tyckte om eventet och om du har valt att plugga vidare inom n\u00e5gon ingenj\u00f6rsutbildning. Vi kommer d\u00e4rf\u00f6r att kontakta dig t.ex. genom att skicka ut en enk\u00e4t som du kan besvara, men det \u00e4r frivilligt. Syftet \u00e4r att skapa statistik kring ovan och utv\u00e4rdera om Stiftelsen Womengineer uppn\u00e5r sitt m\u00e5l att lika m\u00e5nga kvinnliga som manliga ingenj\u00f6rer ska utexamineras \u00e5r 2030, du \u00e4r d\u00e4rf\u00f6r anonym n\u00e4r du besvarar fr\u00e5gorna.&nbsp;<\/li><li>F\u00f6r att marknadsf\u00f6ra Stiftelsen Womengineer verksamhet och f\u00f6ra statistik \u00f6ver vilka i v\u00e5r m\u00e5lgrupp vi n\u00e5r ut till, g\u00e4llande \u00e5lder och geografisk plats.<\/li><\/ul>\n\n\n\n<p>Samtycket samlar vi in i samband med att du anm\u00e4ler dig till ett event.<\/p>\n\n\n\n<p><em>Intresseavv\u00e4gning<\/em><\/p>\n\n\n\n<p>Om du inte ger oss ditt samtycke i samband att du anm\u00e4ler dig till ett event beh\u00f6ver vi \u00e4nd\u00e5 behandla dina personuppgifter f\u00f6r f\u00f6ljande \u00e4ndam\u00e5l och med st\u00f6d av v\u00e5rt, och det f\u00f6retag som du ska bes\u00f6ka, ber\u00e4ttigade intresse att anordna elevevent:&nbsp;<\/p>\n\n\n\n<ul class=\"wp-block-list\"><li>F\u00f6r att kunna skapa en anm\u00e4lan och administrera ditt deltagande inbegripet f\u00f6rse f\u00f6retaget som du ska bes\u00f6ka med uppgift om ditt deltagande.&nbsp;<\/li><li>F\u00f6r att kunna kontakta dig i fr\u00e5gor som r\u00f6r eventet och besvara fr\u00e5gor fr\u00e5n dig.<\/li><li>F\u00f6r att kunna kontakta en anh\u00f6rig till dig i h\u00e4ndelse av en krissituation eller om n\u00e5got skulle h\u00e4nda dig under eventet. Det ber\u00e4ttigade intresset \u00e4r att ha en beredskap f\u00f6r olycksfall eller en akut\/krissituation.<\/li><\/ul>\n\n\n\n<p><strong>Hur l\u00e4nge sparar vi dina personuppgifter?<\/strong><\/p>\n\n\n\n<p>Uppgifter som \u00e4r n\u00f6dv\u00e4ndiga f\u00f6r att skapa en anm\u00e4lan till ett event och administrera ditt deltagande raderas s\u00e5 snart eventet har genomf\u00f6rts. Detsamma g\u00e4ller uppgifter om angiven anh\u00f6rig.&nbsp;<\/p>\n\n\n\n<p>Uppgifter som vi samlat in med st\u00f6d av ditt samtycke sparar vi i fem \u00e5r fr\u00e5n det att samtycket inh\u00e4mtades men du har alltid r\u00e4tt att f\u00e5 dina uppgifter raderade.<\/p>\n\n\n\n<p><strong>Vem har tillg\u00e5ng till dina uppgifter?&nbsp;<\/strong><\/p>\n\n\n\n<p>Dina uppgifter behandlas av personal hos Stiftelsen Womengineer. F\u00f6r att vi ska kunna uppn\u00e5 \u00e4ndam\u00e5let med behandlingen kommer vi att beh\u00f6va l\u00e4mna dina uppgifter till f\u00f6ljande tredje parter:&nbsp;<\/p>\n\n\n\n<ul class=\"wp-block-list\"><li>Det f\u00f6retag som du anm\u00e4lt dig till att bes\u00f6ka,&nbsp;<\/li><li>Underleverant\u00f6r av system, programvara och molntj\u00e4nst (dessa leverant\u00f6rer \u00e4r personuppgiftsbitr\u00e4den till oss, l\u00e4s mer under punkt 5 nedan).<\/li><\/ul>\n\n\n\n<p>3.2 <strong>\u00d6vriga event och kontakter (t.ex. Womengineer day)<\/strong><\/p>\n\n\n\n<p><strong>Vilka personer behandlar vi personuppgifter om?<\/strong><\/p>\n\n\n\n<p>De fysiska personer som anm\u00e4ler sig till och deltar vid event som Stiftelsen Womengineer arrangerar eller \u00e4r delaktiga i. Fysiska personer som p\u00e5 annat s\u00e4tt kommer i kontakt med oss, exempelvis vid m\u00e4ssor, deltagande i unders\u00f6kningar, via kommunikationskanaler, via e-post eller anm\u00e4ler sig till v\u00e5ra nyhetsbrev.<\/p>\n\n\n\n<p><strong>Vilka personuppgifter behandlar vi om dig?<\/strong><\/p>\n\n\n\n<p>Vad du heter, e-postadress, vilken utbildning du l\u00e4ser eller har l\u00e4st, hur l\u00e5ng tid du har kvar p\u00e5 din utbildning (om till\u00e4mpligt), hur du hittade till eventet, information i kommunikation (brev, e-post), information som du s\u00e4nder till oss, och historiklogg avseende event du deltagit vid. Vidare behandlas historiklogg om vilka utskick vi s\u00e4nt dig om du svarat p\u00e5 utv\u00e4rdering (dina svar fr\u00e5n s\u00e5dan unders\u00f6kning sparas inte).&nbsp;<\/p>\n\n\n\n<p><strong>Hur dina uppgifter samlats in<\/strong><\/p>\n\n\n\n<p>Uppgifterna har vi f\u00e5tt av dig.<\/p>\n\n\n\n<p><strong>Varf\u00f6r och enligt vilken r\u00e4ttslig grund behandlar vi dina personuppgifter?&nbsp;<\/strong><\/p>\n\n\n\n<p><em>Event&nbsp;<\/em><\/p>\n\n\n\n<p>Om du anm\u00e4ler dig till ett event som anordnas genom Stiftelsen Womengineer kommer vi att behandla dina personuppgifter f\u00f6r att skapa en anm\u00e4lan, administrera och genomf\u00f6ra deltagandet och eventet samt utv\u00e4rdera och f\u00f6lja upp hur det gick. Det inbegriper behandlar s\u00e5som att uppr\u00e4tta deltagarlistor, g\u00f6ra utskicka med information till eventet, kontakta dig i fr\u00e5gor som r\u00f6r eventet, best\u00e4lla mat, samt f\u00f6r att f\u00f6lja upp vad du tyckte om eventet. Vi kommer d\u00e4rf\u00f6r att kontakta dig t.ex. genom att skicka ut en enk\u00e4t som du kan besvara, men det \u00e4r frivilligt. Syftet \u00e4r att samla in statistik och d\u00e4rf\u00f6r \u00e4r du anonym n\u00e4r du besvarar fr\u00e5gorna.&nbsp;Den r\u00e4ttsliga grunden f\u00f6r administrationen av anm\u00e4lan \u00e4r att fullg\u00f6ra det avtal som ing\u00e5tts i samband med anm\u00e4lan. R\u00e4ttslig grund f\u00f6r behandlingen som sker i samband med uppf\u00f6ljning och statistik \u00e4r v\u00e5rt ber\u00e4ttigade intresse att f\u00f6lja upp och utveckla verksamheten.&nbsp;<\/p>\n\n\n\n<p>Vid digitala event behandlas video- och ljudupptagning om du har aktiverat din webbkamera och mikrofon. Alla deltagare p\u00e5 det digitala eventet kan se dig och f\u00e5r \u00e4ven del av ditt namn. Detta sker i realtid och spelas aldrig in. Syftet \u00e4r att genomf\u00f6ra deltagandet och eventet. Den r\u00e4ttsliga grunden \u00e4r att fullg\u00f6ra det avtal som ing\u00e5tts i samband med din anm\u00e4lan.&nbsp;<\/p>\n\n\n\n<p>Stiftelsen Womengineer behandlar \u00e4ven dina uppgifter f\u00f6r att marknadsf\u00f6ra v\u00e5r verksamhet och f\u00f6ra statistik \u00f6ver vilka i v\u00e5r m\u00e5lgrupp vi n\u00e5r ut till, g\u00e4llande t.ex. \u00e5lder och geografisk plats. Den r\u00e4ttsliga grunden f\u00f6r detta \u00e4r ditt samtycke. Har du inte l\u00e4mnat samtycke kommer denna behandling inte att ske.&nbsp;<\/p>\n\n\n\n<p><em>Kommunikation i samband med f\u00f6rfr\u00e5gningar<\/em><\/p>\n\n\n\n<p>Om du kontaktar oss genom v\u00e5ra digitala kommunikationskanaler, brev eller e-post m\u00e5ste vi samla in och lagra personuppgifter. Syftet med behandlingen \u00e4r att hantera och besvara f\u00f6rfr\u00e5gningar relaterade till v\u00e5r verksamhet, behandlingen sker p\u00e5 grundval av v\u00e5rt ber\u00e4ttigade intresse att besvara inkommande fr\u00e5gor och bedriva verksamheten. Vissa f\u00f6rfr\u00e5gningar kan ocks\u00e5 komma att behandlas f\u00f6r v\u00e5rt ber\u00e4ttigade intresse att f\u00f6lja och visa att vi efterlever de lagar och f\u00f6reskrifter som vi lyder under, exempelvis fr\u00e5gor som r\u00f6r ut\u00f6vandet av registrerade r\u00e4ttigheter enligt dataskyddslagstiftning.&nbsp;<\/p>\n\n\n\n<p><em>Prenumeration p\u00e5 nyhetsbrev och bloggar<\/em><\/p>\n\n\n\n<p>Stiftelsen Womengineer behandlar personuppgifter i samband med anm\u00e4lan om prenumeration av v\u00e5ra nyhetsbrev och\/eller bloggar. Behandlingen sker f\u00f6r att Stiftelsen Womengineer ska kunna administrera prenumerationen och skicka ut informationen. Den r\u00e4ttsliga grunden \u00e4r att fullg\u00f6ra det avtal som ing\u00e5tts i samband med anm\u00e4lan som prenumerant.<\/p>\n\n\n\n<p><strong>Hur l\u00e4nge sparar vi dina personuppgifter?<\/strong><\/p>\n\n\n\n<p>Uppgifterna sparas i ett \u00e5r efter ditt senaste deltagande. Uppgifter om matpreferens raderas dock s\u00e5 snart eventet har genomf\u00f6rts. Om du har givit samtycke till behandlingen g\u00e4ller i st\u00e4llet den tidsperiod som du samtyckt till alternativt till dess att du \u00e5terkallar ditt samtycke.&nbsp;<\/p>\n\n\n\n<p>Uppgifter i kommunikation i samband med f\u00f6rfr\u00e5gningar sparas i regel i max tre m\u00e5nader.&nbsp;<\/p>\n\n\n\n<p>Personuppgifter om prenumeranter raderas vid avslutad prenumeration.<\/p>\n\n\n\n<p><strong>Vem har tillg\u00e5ng till dina uppgifter?&nbsp;<\/strong><\/p>\n\n\n\n<p>Dina uppgifter behandlas av personal hos Stiftelsen Womengineer. F\u00f6r att vi ska kunna uppn\u00e5 \u00e4ndam\u00e5let med behandlingen kommer vi att beh\u00f6va l\u00e4mna dina uppgifter till f\u00f6ljande tredje parter:&nbsp;<\/p>\n\n\n\n<ul class=\"wp-block-list\"><li>Underleverant\u00f6r av system, programvara och molntj\u00e4nst (dessa leverant\u00f6rer \u00e4r personuppgiftsbitr\u00e4den till oss, l\u00e4s mer under punkt 5 ovan).<\/li><\/ul>\n\n\n\n<p>3.3 <strong>Leverant\u00f6rer och samarbetspartners<\/strong><\/p>\n\n\n\n<p><strong>Vilka personer behandlar vi personuppgifter om?&nbsp;<\/strong><\/p>\n\n\n\n<p>Fysisk person som f\u00f6retr\u00e4der eller \u00e4r anst\u00e4lld hos en leverant\u00f6r, f\u00f6retagskund eller samarbetspart till Stiftelsen Womengineer.&nbsp;<\/p>\n\n\n\n<p><strong>Vilka personuppgifter behandlar vi om dig?<\/strong><\/p>\n\n\n\n<p>Vi behandlar vanligen namn, kontaktuppgifter, information i kommunikation (muntlig, e-post, brev) och i avtal.<\/p>\n\n\n\n<p><strong>Hur dina uppgifter har samlats in<\/strong><\/p>\n\n\n\n<p>Uppgifterna har samlats in av dig sj\u00e4lv eller din arbetsgivare.<\/p>\n\n\n\n<p><strong>Varf\u00f6r och enligt vilken r\u00e4ttslig grund behandlar vi dina personuppgifter?&nbsp;<\/strong><\/p>\n\n\n\n<p>I samband med avtalsf\u00f6rh\u00e5llandet mellan Stiftelsen Womengineer och din arbetsgivare\/uppdragsgivare kommer vi att behandla dina personuppgifter. Det \u00e4r n\u00f6dv\u00e4ndigt f\u00f6r att administrera avtalsf\u00f6rh\u00e5llandet och prestera i enlighet med det. Likas\u00e5 \u00e4r det n\u00f6dv\u00e4ndigt f\u00f6r att Stiftelsen Womengineer ska nyttja de tj\u00e4nster eller varor som k\u00f6pts p\u00e5 \u00e5syftat s\u00e4tt. Exempelvis i syfte att motta leverans av produkterna, anv\u00e4nda kundsupport, och hantera fakturering. Behandlingen sker p\u00e5 grundval av v\u00e5rt ber\u00e4ttigade intresse att kunna administrera avtalet, fullg\u00f6ra v\u00e5ra avtalsenliga skyldigheter och tillvarata v\u00e5ra avtalsenliga r\u00e4ttigheter.&nbsp;<\/p>\n\n\n\n<p>N\u00e4r du f\u00f6retr\u00e4der din arbetsgivare p\u00e5 ett digitalt event som anordnas av oss behandlas video- och ljudupptagning om du har aktiverat din webbkamera och mikrofon. Alla deltagare p\u00e5 det digitala eventet kan d\u00e5 se dig och f\u00e5r \u00e4ven del av ditt namn. Detta sker i realtid och spelas aldrig in. Syftet \u00e4r att genomf\u00f6ra deltagandet och eventet. Den r\u00e4ttsliga grunden \u00e4r v\u00e5rt ber\u00e4ttigade intresse att fullg\u00f6ra det avtal som har ing\u00e5tts mellan oss och din arbetsgivare.&nbsp;<\/p>\n\n\n\n<p>I f\u00f6rekommande fall kan dina personuppgifter finnas angivna p\u00e5 s\u00e5dant underlag som vi beh\u00f6ver spara f\u00f6r bokf\u00f6rings\u00e4ndam\u00e5l. Behandlingen sker d\u00e5 p\u00e5 grundval av att det \u00e4r n\u00f6dv\u00e4ndigt f\u00f6r att fullg\u00f6ra en r\u00e4ttslig f\u00f6rpliktelse som \u00e5vilar oss.&nbsp;<\/p>\n\n\n\n<p>I f\u00f6rekommande fall kan dina personuppgifter beh\u00f6va behandlas f\u00f6r att vi ska kunna g\u00f6ra g\u00e4llande, utreda, bem\u00f6ta eller f\u00f6rsvara oss mot ett r\u00e4ttsligt anspr\u00e5k, exempelvis inom ramen f\u00f6r en tvist med din arbetsgivare. Behandlingen sker p\u00e5 grundval av v\u00e5rt ber\u00e4ttigade intresse att hantera och f\u00f6rsvara r\u00e4ttsliga anspr\u00e5k, samt tillvarata v\u00e5ra r\u00e4ttigheter som f\u00f6ljer av lag eller avtal.<\/p>\n\n\n\n<p><strong>Hur l\u00e4nge sparar vi dina personuppgifter?<\/strong><\/p>\n\n\n\n<p>Personuppgifterna sparas s\u00e5 l\u00e4nge avtalsf\u00f6rh\u00e5llandet mellan Stiftelsen Womengineer och din arbetsgivare\/uppdragsgivare best\u00e5r samt som huvudregel i en tid om tv\u00e5 \u00e5r d\u00e4refter. Uppgifter n\u00f6dv\u00e4ndiga f\u00f6r bokf\u00f6ring sparas i sju \u00e5r.&nbsp;<\/p>\n\n\n\n<p><strong>Vem har tillg\u00e5ng till dina uppgifter?&nbsp;<\/strong><\/p>\n\n\n\n<p>Uppgifterna kan vidare delas med andra leverant\u00f6rer till oss om det \u00e4r n\u00f6dv\u00e4ndigt f\u00f6r att uppn\u00e5 \u00e4ndam\u00e5len, exempelvis leverant\u00f6rer av system, programvara och molntj\u00e4nster (IT-tj\u00e4nster), samt bank och revisor. I f\u00f6rekommande fall kan uppgifterna l\u00e4mnas ut till myndigheter och inkassobolag. De leverant\u00f6rer vi k\u00f6per IT-tj\u00e4nster av \u00e4r personuppgiftsbitr\u00e4den till oss.<\/p>\n\n\n\n<ol class=\"wp-block-list\" start=\"4\"><li><strong>VAR LAGRAR VI DINA PERSONUPPGIFTER?&nbsp;<\/strong><\/li><\/ol>\n\n\n\n<p>Som huvudregel behandlas dina personuppgifter enbart inom EU eller EES. I vissa fall kan personuppgifter l\u00e4mnas ut till en s\u00e5dan part som befinner sig utanf\u00f6r EU eller EES.&nbsp; Stiftelsen Womengineer delar bara personuppgifter med f\u00f6retag i tredjel\u00e4nder som har en adekvat skyddsniv\u00e5 eller f\u00f6retag som genom godk\u00e4nda metoder anses uppn\u00e5 en adekvat skyddsniv\u00e5. F\u00f6r n\u00e4rvarande anv\u00e4nder vi en molntj\u00e4nstleverant\u00f6r som har s\u00e4te i USA det inneb\u00e4r att personuppgifter, i n\u00e5gon form, kan behandlas i USA. F\u00f6r mer information om vilka s\u00e4kerhets\u00e5tg\u00e4rder som vidtagits f\u00f6r att uppn\u00e5 en adekvat skyddsniv\u00e5 \u00e4r du v\u00e4lkommen att kontakta oss.&nbsp;<\/p>\n\n\n\n<ol class=\"wp-block-list\" start=\"5\"><li><strong>PERSONUPPGIFTSBITR\u00c4DEN<\/strong><\/li><\/ol>\n\n\n\n<p>De personuppgiftsbitr\u00e4den som anlitas f\u00e5r endast behandla personuppgifter i enlighet med de \u00e4ndam\u00e5l och instruktioner som Stiftelsen Womengineer har l\u00e4mnat f\u00f6r behandlingen. Bitr\u00e4det och de som agerar under bitr\u00e4dets ledning f\u00e5r vidare aldrig ta del av fler uppgifter \u00e4n vad som kr\u00e4vs f\u00f6r utf\u00f6rande av den tj\u00e4nst som avtalet med Stiftelsen Womengineer omfattar. N\u00e4r personuppgifter ska behandlas av ett personuppgiftsbitr\u00e4de uppr\u00e4ttas ett s\u00e5 kallat personuppgiftsbitr\u00e4desavtal.<\/p>\n\n\n\n<ol class=\"wp-block-list\" start=\"6\"><li><strong>VAD HAR DU SOM REGISTRERAD F\u00d6R R\u00c4TTIGHETER?&nbsp;<\/strong><\/li><\/ol>\n\n\n\n<p><strong>R\u00e4tt till tillg\u00e5ng&nbsp;<\/strong><\/p>\n\n\n\n<p>Du har r\u00e4tt att beg\u00e4ra tillg\u00e5ng till de personuppgifter som vi behandlar, samt f\u00e5 information om bland annat \u00e4ndam\u00e5len med behandlingen och vilka som mottagit personuppgifterna. Stiftelsen Womengineer kommer i egenskap av personuppgiftsansvarig att f\u00f6rse dig med kostnadsfri kopia p\u00e5 de personuppgifter som behandlas.&nbsp;<\/p>\n\n\n\n<p><strong>R\u00e4tt till r\u00e4ttelse<\/strong><\/p>\n\n\n\n<p>Du har r\u00e4tt att utan on\u00f6digt dr\u00f6jsm\u00e5l f\u00e5 dina personuppgifter r\u00e4ttade eller, under vissa f\u00f6ruts\u00e4ttningar begr\u00e4nsade. Om du anser att Stiftelsen Womengineer behandlar personuppgifter om dig som \u00e4r felaktiga eller ofullst\u00e4ndiga kan du kr\u00e4va att f\u00e5 dessa r\u00e4ttade eller kompletterade.&nbsp;<\/p>\n\n\n\n<p><strong>R\u00e4tt till radering<\/strong><\/p>\n\n\n\n<p>Du har \u00e4ven r\u00e4tt att f\u00e5 dina uppgifter raderade bland annat om de inte l\u00e4ngre \u00e4r n\u00f6dv\u00e4ndiga f\u00f6r \u00e4ndam\u00e5let eller om behandlingen av dem baseras p\u00e5 samtycke och detta har \u00e5terkallats. Det kan dock finnas lagkrav, avtalsf\u00f6rh\u00e5llande eller tvingande ber\u00e4ttigade intressen som g\u00f6r att vi inte kan radera dina personuppgifter.&nbsp;<\/p>\n\n\n\n<p><strong>R\u00e4tt att inv\u00e4nda&nbsp;<\/strong><\/p>\n\n\n\n<p>Som registrerad har du r\u00e4tt att n\u00e4r som helst inv\u00e4nda mot behandling av dina personuppgifter om den lagliga grunden f\u00f6r behandlingen utg\u00f6rs av en intresseavv\u00e4gning. Du som registrerad har \u00e4ven r\u00e4tt att n\u00e4r som helst inv\u00e4nda mot behandling av dina personuppgifter om dessa behandlas f\u00f6r direkt marknadsf\u00f6ring.&nbsp;<\/p>\n\n\n\n<p><strong>R\u00e4tt till dataportabilitet&nbsp;<\/strong><\/p>\n\n\n\n<p>Som registrerad har du r\u00e4tt att f\u00e5 ut de personuppgifter som du tillhandah\u00e5llit Stiftelsen Womengineer som personuppgiftsansvarig och har r\u00e4tt att \u00f6verf\u00f6ra dessa uppgifter till en annan personuppgiftsansvarig (dataportabilitet). Detta g\u00e4ller dock under f\u00f6ruts\u00e4ttning att det \u00e4r tekniskt m\u00f6jligt och att behandling varit n\u00f6dv\u00e4ndig f\u00f6r fullg\u00f6rande av avtal.&nbsp;<\/p>\n\n\n\n<p><strong>R\u00e4tt att l\u00e4mna klagom\u00e5l&nbsp;<\/strong><\/p>\n\n\n\n<p>Om du \u00e4r missn\u00f6jd med hur vi har behandling dina personuppgifter ber vi dig att kontakta oss. Du har \u00e4ven r\u00e4tt att ge in ett klagom\u00e5l p\u00e5 v\u00e5r personuppgiftsbehandling till: Integritetsskyddsmyndigheten, Box 8114, 104 20 Stockholm.&nbsp;<\/p>\n\n\n\n<p>Stiftelsen Womengineer f\u00f6retar ingen personuppgiftsbehandling som medf\u00f6r automatiskt beslutsfattande, inbegripet profilering.&nbsp;<\/p>\n\n\n\n<ol class=\"wp-block-list\" start=\"7\"><li><strong>ANV\u00c4NDNING AV E-POST<\/strong><\/li><\/ol>\n\n\n\n<p>Observera att epost utan kryptering kan inneb\u00e4ra risker n\u00e4r det g\u00e4ller s\u00e4kerhet och konfidentialitet. Ett epostmeddelande kan j\u00e4mf\u00f6ras med ett vykort. D\u00e4rf\u00f6r ber vi dig att inte ge information som du inte vill att en tredje part ska f\u00e5 del av. Ge aldrig k\u00e4nslig information eller information som kan anv\u00e4ndas f\u00f6r o\u00f6nskade \u00e4ndam\u00e5l av en tredje part.<\/p>\n\n\n\n<p>Stiftelsen Womengineer har alltid standardkryptering aktiverat f\u00f6r epostkommunikation men det \u00e4r inte alltid tillr\u00e4ckligt. F\u00f6r det fall vi bed\u00f6mer att den specifika information inte kan s\u00e4ndas med standardkryptering och epost kommer vi att, om m\u00f6jligt, addera ytterligare kryptering, eller anv\u00e4nda ett annat kommunikationss\u00e4tt. Detsamma g\u00e4ller om du inv\u00e4nder mot att epostkommunikation anv\u00e4nds.<\/p>\n\n\n\n<ol class=\"wp-block-list\" start=\"8\"><li><strong>\u00c4NDRING AV POLICYN<\/strong><\/li><\/ol>\n\n\n\n<p>Stiftelsen Womengineer f\u00f6rbeh\u00e5ller sig r\u00e4tten att \u00e4ndra och uppdatera denna policy. Vid materiella \u00e4ndringar i policyn eller om befintlig information ska behandlas p\u00e5 annat s\u00e4tt \u00e4n vad som anges kommer du att informeras p\u00e5 l\u00e4mpligt s\u00e4tt.&nbsp;<\/p>\n\n\n\n<p><strong>\u00d6vriga fr\u00e5gor<\/strong><\/p>\n\n\n\n<p>Har du n\u00e5gra \u00f6vriga fr\u00e5gor g\u00e4llande behandlingen av personuppgifter, eller n\u00e5gon annan fr\u00e5ga, kan du maila oss p\u00e5 <a href=\"mailto:info@womengineer.org\">info@womengineer.org<\/a>.<\/p>","protected":false},"excerpt":{"rendered":"<p>STIFTELSEN WOMENGINEERS INTEGRITETSPOLICY INLEDNING Stiftelsen Womengineer v\u00e4rnar om individens personliga integritet och \u00e4r m\u00e5n om att personuppgifter behandlas p\u00e5 ett [&hellip;]<\/p>\n","protected":false},"author":2,"featured_media":0,"parent":0,"menu_order":0,"comment_status":"closed","ping_status":"closed","template":"","meta":{"content-type":"","_exactmetrics_skip_tracking":false,"_exactmetrics_sitenote_active":false,"_exactmetrics_sitenote_note":"","_exactmetrics_sitenote_category":0,"site-sidebar-layout":"default","site-content-layout":"","ast-site-content-layout":"default","site-content-style":"default","site-sidebar-style":"default","ast-global-header-display":"","ast-banner-title-visibility":"","ast-main-header-display":"","ast-hfb-above-header-display":"","ast-hfb-below-header-display":"","ast-hfb-mobile-header-display":"","site-post-title":"","ast-breadcrumbs-content":"","ast-featured-img":"","footer-sml-layout":"","theme-transparent-header-meta":"","adv-header-id-meta":"","stick-header-meta":"","header-above-stick-meta":"","header-main-stick-meta":"","header-below-stick-meta":"","astra-migrate-meta-layouts":"default","ast-page-background-enabled":"default","ast-page-background-meta":{"desktop":{"background-color":"var(--ast-global-color-4)","background-image":"","background-repeat":"repeat","background-position":"center center","background-size":"auto","background-attachment":"scroll","background-type":"","background-media":"","overlay-type":"","overlay-color":"","overlay-opacity":"","overlay-gradient":""},"tablet":{"background-color":"","background-image":"","background-repeat":"repeat","background-position":"center center","background-size":"auto","background-attachment":"scroll","background-type":"","background-media":"","overlay-type":"","overlay-color":"","overlay-opacity":"","overlay-gradient":""},"mobile":{"background-color":"","background-image":"","background-repeat":"repeat","background-position":"center center","background-size":"auto","background-attachment":"scroll","background-type":"","background-media":"","overlay-type":"","overlay-color":"","overlay-opacity":"","overlay-gradient":""}},"ast-content-background-meta":{"desktop":{"background-color":"var(--ast-global-color-5)","background-image":"","background-repeat":"repeat","background-position":"center center","background-size":"auto","background-attachment":"scroll","background-type":"","background-media":"","overlay-type":"","overlay-color":"","overlay-opacity":"","overlay-gradient":""},"tablet":{"background-color":"var(--ast-global-color-5)","background-image":"","background-repeat":"repeat","background-position":"center center","background-size":"auto","background-attachment":"scroll","background-type":"","background-media":"","overlay-type":"","overlay-color":"","overlay-opacity":"","overlay-gradient":""},"mobile":{"background-color":"var(--ast-global-color-5)","background-image":"","background-repeat":"repeat","background-position":"center center","background-size":"auto","background-attachment":"scroll","background-type":"","background-media":"","overlay-type":"","overlay-color":"","overlay-opacity":"","overlay-gradient":""}},"_themeisle_gutenberg_block_has_review":false,"footnotes":""},"class_list":["post-3","page","type-page","status-publish","hentry"],"aioseo_notices":[],"jetpack_sharing_enabled":true,"_links":{"self":[{"href":"https:\/\/womengineer.org\/en\/wp-json\/wp\/v2\/pages\/3","targetHints":{"allow":["GET"]}}],"collection":[{"href":"https:\/\/womengineer.org\/en\/wp-json\/wp\/v2\/pages"}],"about":[{"href":"https:\/\/womengineer.org\/en\/wp-json\/wp\/v2\/types\/page"}],"author":[{"embeddable":true,"href":"https:\/\/womengineer.org\/en\/wp-json\/wp\/v2\/users\/2"}],"replies":[{"embeddable":true,"href":"https:\/\/womengineer.org\/en\/wp-json\/wp\/v2\/comments?post=3"}],"version-history":[{"count":1,"href":"https:\/\/womengineer.org\/en\/wp-json\/wp\/v2\/pages\/3\/revisions"}],"predecessor-version":[{"id":3820,"href":"https:\/\/womengineer.org\/en\/wp-json\/wp\/v2\/pages\/3\/revisions\/3820"}],"wp:attachment":[{"href":"https:\/\/womengineer.org\/en\/wp-json\/wp\/v2\/media?parent=3"}],"curies":[{"name":"wp","href":"https:\/\/api.w.org\/{rel}","templated":true}]}}