{"id":21819,"date":"2024-12-10T16:08:35","date_gmt":"2024-12-10T16:08:35","guid":{"rendered":"https:\/\/dev.womengineer.org\/?page_id=21819"},"modified":"2025-02-06T14:13:44","modified_gmt":"2025-02-06T14:13:44","slug":"ansokan","status":"publish","type":"page","link":"https:\/\/womengineer.org\/en\/ansokan\/","title":{"rendered":"Application"},"content":{"rendered":"\t\t<div data-elementor-type=\"wp-page\" data-elementor-id=\"21819\" class=\"elementor elementor-21819\" data-elementor-post-type=\"page\">\n\t\t\t\t\t\t<section class=\"elementor-section elementor-top-section elementor-element elementor-element-ln78ooh elementor-reverse-mobile elementor-section-boxed elementor-section-height-default elementor-section-height-default\" data-id=\"ln78ooh\" data-element_type=\"section\" data-e-type=\"section\" data-settings=\"{&quot;background_background&quot;:&quot;classic&quot;,&quot;background_motion_fx_motion_fx_scrolling&quot;:&quot;yes&quot;,&quot;background_motion_fx_devices&quot;:[&quot;desktop&quot;,&quot;tablet&quot;,&quot;mobile&quot;]}\">\n\t\t\t\t\t\t\t<div class=\"elementor-background-overlay\"><\/div>\n\t\t\t\t\t\t\t<div class=\"elementor-container elementor-column-gap-default\">\n\t\t\t\t\t<div class=\"elementor-column elementor-col-100 elementor-top-column elementor-element elementor-element-62c0e22\" data-id=\"62c0e22\" data-element_type=\"column\" data-e-type=\"column\">\n\t\t\t<div class=\"elementor-widget-wrap elementor-element-populated\">\n\t\t\t\t\t\t<div class=\"elementor-element elementor-element-43987d4 elementor-widget elementor-widget-heading\" data-id=\"43987d4\" data-element_type=\"widget\" data-e-type=\"widget\" data-widget_type=\"heading.default\">\n\t\t\t\t\t<h2 class=\"elementor-heading-title elementor-size-default\">Hur ans\u00f6ker jag?<\/h2>\t\t\t\t<\/div>\n\t\t\t\t<div class=\"elementor-element elementor-element-6173875 elementor-widget elementor-widget-text-editor\" data-id=\"6173875\" data-element_type=\"widget\" data-e-type=\"widget\" data-widget_type=\"text-editor.default\">\n\t\t\t\t\t\t\t\t\t<p style=\"text-align: center;\"><span style=\"color: #ffffff;\">H\u00e4r har vi samlat all information du beh\u00f6ver f\u00f6r att kunna s\u00f6ka till en ingenj\u00f6rsutbildning.<\/span><\/p>\t\t\t\t\t\t\t\t<\/div>\n\t\t\t\t\t<\/div>\n\t\t<\/div>\n\t\t\t\t\t<\/div>\n\t\t<\/section>\n\t\t\t\t<section class=\"elementor-section elementor-top-section elementor-element elementor-element-9880309 elementor-section-boxed elementor-section-height-default elementor-section-height-default\" data-id=\"9880309\" data-element_type=\"section\" data-e-type=\"section\" data-settings=\"{&quot;background_background&quot;:&quot;classic&quot;}\">\n\t\t\t\t\t\t<div class=\"elementor-container elementor-column-gap-default\">\n\t\t\t\t\t<div class=\"elementor-column elementor-col-100 elementor-top-column elementor-element elementor-element-3b8ff67\" data-id=\"3b8ff67\" data-element_type=\"column\" data-e-type=\"column\">\n\t\t\t<div class=\"elementor-widget-wrap elementor-element-populated\">\n\t\t\t\t\t\t<div class=\"elementor-element elementor-element-4fd385a elementor-widget elementor-widget-spacer\" data-id=\"4fd385a\" data-element_type=\"widget\" data-e-type=\"widget\" data-widget_type=\"spacer.default\">\n\t\t\t\t\t\t\t<div class=\"elementor-spacer\">\n\t\t\t<div class=\"elementor-spacer-inner\"><\/div>\n\t\t<\/div>\n\t\t\t\t\t\t<\/div>\n\t\t\t\t<div class=\"elementor-element elementor-element-e1f2827 elementor-widget elementor-widget-heading\" data-id=\"e1f2827\" data-element_type=\"widget\" data-e-type=\"widget\" data-widget_type=\"heading.default\">\n\t\t\t\t\t<h3 class=\"elementor-heading-title elementor-size-default\">P\u00e5 antagning.se ans\u00f6ker du!<\/h3>\t\t\t\t<\/div>\n\t\t\t\t<div class=\"elementor-element elementor-element-f20f79d elementor-widget elementor-widget-text-editor\" data-id=\"f20f79d\" data-element_type=\"widget\" data-e-type=\"widget\" data-widget_type=\"text-editor.default\">\n\t\t\t\t\t\t\t\t\t<div class=\"wp-block-column is-layout-flow wp-block-column-is-layout-flow\" data-block-type=\"core\"><p class=\"has-text-color\">N\u00e4r du v\u00e4l har best\u00e4mt dig f\u00f6r vilken utbildning och skola du \u00e4r intresserad av s\u00e5 \u00e4r det dags att s\u00f6ka. Precis som andra h\u00f6gskole- och universitetsutbildningar s\u00e5 s\u00f6ker du p\u00e5\u00a0<a href=\"https:\/\/www.antagning.se\/se\/start\" target=\"_blank\" rel=\"noreferrer noopener\" aria-label=\"antagning.se (\u00f6ppnas i en ny flik)\">antagning.se<\/a>.<\/p><\/div><div class=\"wp-block-column is-layout-flow wp-block-column-is-layout-flow\" data-block-type=\"core\"><p class=\"has-text-color\">Viktiga datum f\u00f6r \u00e5ret finns samlade\u00a0<a href=\"https:\/\/www.antagning.se\/sv\/anmal-dig-sa-har\/viktiga-datum\/\" target=\"_blank\" rel=\"noreferrer noopener\" aria-label=\"h\u00e4r (\u00f6ppnas i en ny flik)\">h\u00e4r<\/a>, och n\u00e4r du v\u00e4l har kommit in,\u00a0<strong>gl\u00f6m inte att tacka ja till din plats!<\/strong><\/p><\/div>\t\t\t\t\t\t\t\t<\/div>\n\t\t\t\t<div class=\"elementor-element elementor-element-04e528a elementor-widget elementor-widget-spacer\" data-id=\"04e528a\" data-element_type=\"widget\" data-e-type=\"widget\" data-widget_type=\"spacer.default\">\n\t\t\t\t\t\t\t<div class=\"elementor-spacer\">\n\t\t\t<div class=\"elementor-spacer-inner\"><\/div>\n\t\t<\/div>\n\t\t\t\t\t\t<\/div>\n\t\t\t\t\t<\/div>\n\t\t<\/div>\n\t\t\t\t\t<\/div>\n\t\t<\/section>\n\t\t\t\t<section class=\"elementor-section elementor-top-section elementor-element elementor-element-ec8c268 elementor-section-boxed elementor-section-height-default elementor-section-height-default\" data-id=\"ec8c268\" data-element_type=\"section\" data-e-type=\"section\" data-settings=\"{&quot;background_background&quot;:&quot;classic&quot;}\">\n\t\t\t\t\t\t\t<div class=\"elementor-background-overlay\"><\/div>\n\t\t\t\t\t\t\t<div class=\"elementor-container elementor-column-gap-default\">\n\t\t\t\t\t<div class=\"elementor-column elementor-col-100 elementor-top-column elementor-element elementor-element-3b7a9ed\" data-id=\"3b7a9ed\" data-element_type=\"column\" data-e-type=\"column\">\n\t\t\t<div class=\"elementor-widget-wrap elementor-element-populated\">\n\t\t\t\t\t\t<div class=\"elementor-element elementor-element-faec7b8 elementor-widget elementor-widget-spacer\" data-id=\"faec7b8\" data-element_type=\"widget\" data-e-type=\"widget\" data-widget_type=\"spacer.default\">\n\t\t\t\t\t\t\t<div class=\"elementor-spacer\">\n\t\t\t<div class=\"elementor-spacer-inner\"><\/div>\n\t\t<\/div>\n\t\t\t\t\t\t<\/div>\n\t\t\t\t<div class=\"elementor-element elementor-element-aaed765 elementor-widget elementor-widget-heading\" data-id=\"aaed765\" data-element_type=\"widget\" data-e-type=\"widget\" data-widget_type=\"heading.default\">\n\t\t\t\t\t<h3 class=\"elementor-heading-title elementor-size-default\">Beh\u00f6righet<\/h3>\t\t\t\t<\/div>\n\t\t\t\t<div class=\"elementor-element elementor-element-f086ffa elementor-widget elementor-widget-text-editor\" data-id=\"f086ffa\" data-element_type=\"widget\" data-e-type=\"widget\" data-widget_type=\"text-editor.default\">\n\t\t\t\t\t\t\t\t\t<div class=\"wp-block-column is-layout-flow wp-block-column-is-layout-flow\" data-block-type=\"core\"><div class=\"wp-block-column is-layout-flow wp-block-column-is-layout-flow\" data-block-type=\"core\"><p class=\"has-text-color\">F\u00f6r att s\u00f6ka in till en ingenj\u00f6rslinje beh\u00f6ver du f\u00f6rst och fr\u00e4mst ha beh\u00f6righet. Denna f\u00e5r du genom att l\u00e4sa alla n\u00f6dv\u00e4ndiga \u00e4mnen p\u00e5 gymnasiet, eller l\u00e4sa in de i efterhand p\u00e5 Komvux eller genom ett tekniskt bas\u00e5r. M\u00e5nga av de tekniska h\u00f6gskolorna erbjuder ett tekniskt bas\u00e5r. <span style=\"font-size: 16px;\">De flesta ingenj\u00f6rsutbildningar kr\u00e4ver Matematik 4, Fysik 1, Fysik 2 och Kemi 1, vilka du \u00e4ven kan f\u00e5 genom att l\u00e4sa tekniskt bas\u00e5r. F\u00f6r att kunna l\u00e4sa tekniskt bas\u00e5r beh\u00f6ver du ha l\u00e4st Matematik 2a, 2b eller 2c.<\/span><\/p><\/div><\/div>\t\t\t\t\t\t\t\t<\/div>\n\t\t\t\t<div class=\"elementor-element elementor-element-790525f elementor-widget elementor-widget-spacer\" data-id=\"790525f\" data-element_type=\"widget\" data-e-type=\"widget\" data-widget_type=\"spacer.default\">\n\t\t\t\t\t\t\t<div class=\"elementor-spacer\">\n\t\t\t<div class=\"elementor-spacer-inner\"><\/div>\n\t\t<\/div>\n\t\t\t\t\t\t<\/div>\n\t\t\t\t<div class=\"elementor-element elementor-element-739f8c5 elementor-widget elementor-widget-spacer\" data-id=\"739f8c5\" data-element_type=\"widget\" data-e-type=\"widget\" data-widget_type=\"spacer.default\">\n\t\t\t\t\t\t\t<div class=\"elementor-spacer\">\n\t\t\t<div class=\"elementor-spacer-inner\"><\/div>\n\t\t<\/div>\n\t\t\t\t\t\t<\/div>\n\t\t\t\t\t<\/div>\n\t\t<\/div>\n\t\t\t\t\t<\/div>\n\t\t<\/section>\n\t\t\t\t<section class=\"elementor-section elementor-top-section elementor-element elementor-element-06df92f elementor-section-boxed elementor-section-height-default elementor-section-height-default\" data-id=\"06df92f\" data-element_type=\"section\" data-e-type=\"section\" data-settings=\"{&quot;background_background&quot;:&quot;classic&quot;}\">\n\t\t\t\t\t\t<div class=\"elementor-container elementor-column-gap-default\">\n\t\t\t\t\t<div class=\"elementor-column elementor-col-100 elementor-top-column elementor-element elementor-element-bfac358\" data-id=\"bfac358\" data-element_type=\"column\" data-e-type=\"column\">\n\t\t\t<div class=\"elementor-widget-wrap elementor-element-populated\">\n\t\t\t\t\t\t<div class=\"elementor-element elementor-element-cb7890e elementor-widget elementor-widget-spacer\" data-id=\"cb7890e\" data-element_type=\"widget\" data-e-type=\"widget\" data-widget_type=\"spacer.default\">\n\t\t\t\t\t\t\t<div class=\"elementor-spacer\">\n\t\t\t<div class=\"elementor-spacer-inner\"><\/div>\n\t\t<\/div>\n\t\t\t\t\t\t<\/div>\n\t\t\t\t<div class=\"elementor-element elementor-element-09baf8f elementor-widget elementor-widget-heading\" data-id=\"09baf8f\" data-element_type=\"widget\" data-e-type=\"widget\" data-widget_type=\"heading.default\">\n\t\t\t\t\t<h3 class=\"elementor-heading-title elementor-size-default\">Betyg<\/h3>\t\t\t\t<\/div>\n\t\t\t\t<div class=\"elementor-element elementor-element-21dd45c elementor-widget elementor-widget-text-editor\" data-id=\"21dd45c\" data-element_type=\"widget\" data-e-type=\"widget\" data-widget_type=\"text-editor.default\">\n\t\t\t\t\t\t\t\t\t<div class=\"wp-block-column is-layout-flow wp-block-column-is-layout-flow\" data-block-type=\"core\"><p class=\"has-text-color\">Antagningspo\u00e4ngen f\u00f6r att komma in p\u00e5 ett ingenj\u00f6rsprogram varierar mycket mellan olika utbildningar och skolor, men \u00e4ven fr\u00e5n \u00e5r till \u00e5r. Generellt sett s\u00e5 har de nischade tekniska h\u00f6gskolorna h\u00f6gre antagningspo\u00e4ng. T\u00e4nk p\u00e5 att man hamnar i en egen urvalsgrupp om man l\u00e4ser tekniskt bas\u00e5r, vilket ofta ger en garanterad plats p\u00e5 n\u00e5gon av utbildningarna p\u00e5 samma skola. Ofta kan man ocks\u00e5 byta skola efter tre \u00e5r om man \u00e4r sugen p\u00e5 att l\u00e4sa en master n\u00e5gon annanstans.<\/p><\/div>\t\t\t\t\t\t\t\t<\/div>\n\t\t\t\t<div class=\"elementor-element elementor-element-a1d0eb1 elementor-widget elementor-widget-spacer\" data-id=\"a1d0eb1\" data-element_type=\"widget\" data-e-type=\"widget\" data-widget_type=\"spacer.default\">\n\t\t\t\t\t\t\t<div class=\"elementor-spacer\">\n\t\t\t<div class=\"elementor-spacer-inner\"><\/div>\n\t\t<\/div>\n\t\t\t\t\t\t<\/div>\n\t\t\t\t\t<\/div>\n\t\t<\/div>\n\t\t\t\t\t<\/div>\n\t\t<\/section>\n\t\t\t\t<section class=\"elementor-section elementor-top-section elementor-element elementor-element-00dd4dd elementor-section-boxed elementor-section-height-default elementor-section-height-default\" data-id=\"00dd4dd\" data-element_type=\"section\" data-e-type=\"section\" data-settings=\"{&quot;background_background&quot;:&quot;classic&quot;,&quot;shape_divider_top&quot;:&quot;triangle&quot;}\">\n\t\t\t\t\t<div class=\"elementor-shape elementor-shape-top\" aria-hidden=\"true\" data-negative=\"false\">\n\t\t\t<svg xmlns=\"http:\/\/www.w3.org\/2000\/svg\" viewBox=\"0 0 1000 100\" preserveAspectRatio=\"none\">\n\t<path class=\"elementor-shape-fill\" d=\"M500,98.9L0,6.1V0h1000v6.1L500,98.9z\"\/>\n<\/svg>\t\t<\/div>\n\t\t\t\t\t<div class=\"elementor-container elementor-column-gap-default\">\n\t\t\t\t\t<div class=\"elementor-column elementor-col-100 elementor-top-column elementor-element elementor-element-8568342\" data-id=\"8568342\" data-element_type=\"column\" data-e-type=\"column\">\n\t\t\t<div class=\"elementor-widget-wrap elementor-element-populated\">\n\t\t\t\t\t\t<div class=\"elementor-element elementor-element-58c031b elementor-widget elementor-widget-spacer\" data-id=\"58c031b\" data-element_type=\"widget\" data-e-type=\"widget\" data-widget_type=\"spacer.default\">\n\t\t\t\t\t\t\t<div class=\"elementor-spacer\">\n\t\t\t<div class=\"elementor-spacer-inner\"><\/div>\n\t\t<\/div>\n\t\t\t\t\t\t<\/div>\n\t\t\t\t<div class=\"elementor-element elementor-element-c779eeb elementor-view-stacked elementor-shape-square elementor-widget elementor-widget-icon\" data-id=\"c779eeb\" data-element_type=\"widget\" data-e-type=\"widget\" data-widget_type=\"icon.default\">\n\t\t\t\t\t\t\t<div class=\"elementor-icon-wrapper\">\n\t\t\t<div class=\"elementor-icon\">\n\t\t\t<svg aria-hidden=\"true\" class=\"e-font-icon-svg e-fas-question\" viewBox=\"0 0 384 512\" xmlns=\"http:\/\/www.w3.org\/2000\/svg\"><path d=\"M202.021 0C122.202 0 70.503 32.703 29.914 91.026c-7.363 10.58-5.093 25.086 5.178 32.874l43.138 32.709c10.373 7.865 25.132 6.026 33.253-4.148 25.049-31.381 43.63-49.449 82.757-49.449 30.764 0 68.816 19.799 68.816 49.631 0 22.552-18.617 34.134-48.993 51.164-35.423 19.86-82.299 44.576-82.299 106.405V320c0 13.255 10.745 24 24 24h72.471c13.255 0 24-10.745 24-24v-5.773c0-42.86 125.268-44.645 125.268-160.627C377.504 66.256 286.902 0 202.021 0zM192 373.459c-38.196 0-69.271 31.075-69.271 69.271 0 38.195 31.075 69.27 69.271 69.27s69.271-31.075 69.271-69.271-31.075-69.27-69.271-69.27z\"><\/path><\/svg>\t\t\t<\/div>\n\t\t<\/div>\n\t\t\t\t\t\t<\/div>\n\t\t\t\t<div class=\"elementor-element elementor-element-48f2152 elementor-widget elementor-widget-heading\" data-id=\"48f2152\" data-element_type=\"widget\" data-e-type=\"widget\" data-widget_type=\"heading.default\">\n\t\t\t\t\t<h5 class=\"elementor-heading-title elementor-size-default\"><b>Vad h\u00e4nder sen? <\/b><\/h5>\t\t\t\t<\/div>\n\t\t\t\t<div class=\"elementor-element elementor-element-03c67c2 elementor-widget elementor-widget-text-editor\" data-id=\"03c67c2\" data-element_type=\"widget\" data-e-type=\"widget\" data-widget_type=\"text-editor.default\">\n\t\t\t\t\t\t\t\t\t<div class=\"wp-block-column is-layout-flow wp-block-column-is-layout-flow\" data-block-type=\"core\"><p class=\"has-text-align-left\">Kommit in p\u00e5 ingenj\u00f6rslinjen? Grattis! Nu b\u00f6rjar n\u00e5gra av de b\u00e4sta \u00e5ren i ditt liv. Kanske flyttar du l\u00e5ngt hemifr\u00e5n, f\u00e5r din f\u00f6rsta egna lya, eller s\u00e5 k\u00e4nner du ingen annan som ska b\u00f6rja plugga. Oroa dig inte!<\/p><p class=\"has-text-align-left\"><strong>H\u00e4r kommer n\u00e5gra tips p\u00e5 v\u00e4gen:<\/strong><\/p><ul data-block-type=\"core\"><li data-block-type=\"core\">St\u00e4ll dig i bostadsk\u00f6 s\u00e5 fort som m\u00f6jligt. P\u00e5 vissa st\u00e4llen, speciellt i storst\u00e4der, kan det vara lite knepigt att f\u00e5 bostad.<\/li><li data-block-type=\"core\">Unders\u00f6k vad k\u00e5ren g\u00f6r och vilka aktiviteter de erbjuder. Oftast s\u00e5 finns det mycket f\u00f6r nya studenter.<\/li><li data-block-type=\"core\">Kolla upp vad du beh\u00f6ver f\u00f6r studentlitteratur.<\/li><li data-block-type=\"core\">Ans\u00f6k om studiebidrag via <a href=\"https:\/\/www.csn.se\/\" target=\"_blank\" rel=\"noreferrer noopener\">CSN.<\/a><\/li><\/ul><p><strong>Gl\u00f6m inte att ha kul!\u00a0<\/strong>Att kugga en tenta \u00e4r inte hela v\u00e4rlden \u2013 det h\u00e4nder alla. Njut av din studietid och g\u00f6r det i din egen takt!<\/p><\/div>\t\t\t\t\t\t\t\t<\/div>\n\t\t\t\t<div class=\"elementor-element elementor-element-54dac83 elementor-widget elementor-widget-spacer\" data-id=\"54dac83\" data-element_type=\"widget\" data-e-type=\"widget\" data-widget_type=\"spacer.default\">\n\t\t\t\t\t\t\t<div class=\"elementor-spacer\">\n\t\t\t<div class=\"elementor-spacer-inner\"><\/div>\n\t\t<\/div>\n\t\t\t\t\t\t<\/div>\n\t\t\t\t\t<\/div>\n\t\t<\/div>\n\t\t\t\t\t<\/div>\n\t\t<\/section>\n\t\t\t\t<\/div>\n\t\t","protected":false},"excerpt":{"rendered":"<p>Hur ans\u00f6ker jag? H\u00e4r har vi samlat all information du beh\u00f6ver f\u00f6r att kunna s\u00f6ka till en ingenj\u00f6rsutbildning. P\u00e5 antagning.se [&hellip;]<\/p>\n","protected":false},"author":18,"featured_media":11460,"parent":0,"menu_order":0,"comment_status":"closed","ping_status":"closed","template":"","meta":{"content-type":"","_exactmetrics_skip_tracking":false,"_exactmetrics_sitenote_active":false,"_exactmetrics_sitenote_note":"","_exactmetrics_sitenote_category":0,"site-sidebar-layout":"no-sidebar","site-content-layout":"page-builder","ast-site-content-layout":"default","site-content-style":"default","site-sidebar-style":"default","ast-global-header-display":"","ast-banner-title-visibility":"","ast-main-header-display":"","ast-hfb-above-header-display":"","ast-hfb-below-header-display":"","ast-hfb-mobile-header-display":"","site-post-title":"disabled","ast-breadcrumbs-content":"","ast-featured-img":"disabled","footer-sml-layout":"","theme-transparent-header-meta":"","adv-header-id-meta":"","stick-header-meta":"","header-above-stick-meta":"","header-main-stick-meta":"","header-below-stick-meta":"","astra-migrate-meta-layouts":"default","ast-page-background-enabled":"default","ast-page-background-meta":{"desktop":{"background-color":"var(--ast-global-color-4)","background-image":"","background-repeat":"repeat","background-position":"center center","background-size":"auto","background-attachment":"scroll","background-type":"","background-media":"","overlay-type":"","overlay-color":"","overlay-opacity":"","overlay-gradient":""},"tablet":{"background-color":"","background-image":"","background-repeat":"repeat","background-position":"center center","background-size":"auto","background-attachment":"scroll","background-type":"","background-media":"","overlay-type":"","overlay-color":"","overlay-opacity":"","overlay-gradient":""},"mobile":{"background-color":"","background-image":"","background-repeat":"repeat","background-position":"center center","background-size":"auto","background-attachment":"scroll","background-type":"","background-media":"","overlay-type":"","overlay-color":"","overlay-opacity":"","overlay-gradient":""}},"ast-content-background-meta":{"desktop":{"background-color":"var(--ast-global-color-5)","background-image":"","background-repeat":"repeat","background-position":"center center","background-size":"auto","background-attachment":"scroll","background-type":"","background-media":"","overlay-type":"","overlay-color":"","overlay-opacity":"","overlay-gradient":""},"tablet":{"background-color":"var(--ast-global-color-5)","background-image":"","background-repeat":"repeat","background-position":"center center","background-size":"auto","background-attachment":"scroll","background-type":"","background-media":"","overlay-type":"","overlay-color":"","overlay-opacity":"","overlay-gradient":""},"mobile":{"background-color":"var(--ast-global-color-5)","background-image":"","background-repeat":"repeat","background-position":"center center","background-size":"auto","background-attachment":"scroll","background-type":"","background-media":"","overlay-type":"","overlay-color":"","overlay-opacity":"","overlay-gradient":""}},"_themeisle_gutenberg_block_has_review":false,"footnotes":""},"class_list":["post-21819","page","type-page","status-publish","has-post-thumbnail","hentry"],"aioseo_notices":[],"jetpack_sharing_enabled":true,"_links":{"self":[{"href":"https:\/\/womengineer.org\/en\/wp-json\/wp\/v2\/pages\/21819","targetHints":{"allow":["GET"]}}],"collection":[{"href":"https:\/\/womengineer.org\/en\/wp-json\/wp\/v2\/pages"}],"about":[{"href":"https:\/\/womengineer.org\/en\/wp-json\/wp\/v2\/types\/page"}],"author":[{"embeddable":true,"href":"https:\/\/womengineer.org\/en\/wp-json\/wp\/v2\/users\/18"}],"replies":[{"embeddable":true,"href":"https:\/\/womengineer.org\/en\/wp-json\/wp\/v2\/comments?post=21819"}],"version-history":[{"count":43,"href":"https:\/\/womengineer.org\/en\/wp-json\/wp\/v2\/pages\/21819\/revisions"}],"predecessor-version":[{"id":38820,"href":"https:\/\/womengineer.org\/en\/wp-json\/wp\/v2\/pages\/21819\/revisions\/38820"}],"wp:featuredmedia":[{"embeddable":true,"href":"https:\/\/womengineer.org\/en\/wp-json\/wp\/v2\/media\/11460"}],"wp:attachment":[{"href":"https:\/\/womengineer.org\/en\/wp-json\/wp\/v2\/media?parent=21819"}],"curies":[{"name":"wp","href":"https:\/\/api.w.org\/{rel}","templated":true}]}}