{"id":21413,"date":"2024-11-22T13:44:33","date_gmt":"2024-11-22T13:44:33","guid":{"rendered":"https:\/\/dev.womengineer.org\/?page_id=21413"},"modified":"2025-09-10T09:51:49","modified_gmt":"2025-09-10T09:51:49","slug":"samarbeten","status":"publish","type":"page","link":"https:\/\/womengineer.org\/en\/samarbeten\/","title":{"rendered":"Collaborations"},"content":{"rendered":"\t\t<div data-elementor-type=\"wp-page\" data-elementor-id=\"21413\" class=\"elementor elementor-21413\" data-elementor-post-type=\"page\">\n\t\t\t\t\t\t<section class=\"elementor-section elementor-top-section elementor-element elementor-element-ln78ooh elementor-reverse-mobile elementor-section-boxed elementor-section-height-default elementor-section-height-default\" data-id=\"ln78ooh\" data-element_type=\"section\" data-e-type=\"section\" data-settings=\"{&quot;background_background&quot;:&quot;classic&quot;,&quot;background_motion_fx_motion_fx_scrolling&quot;:&quot;yes&quot;,&quot;background_motion_fx_devices&quot;:[&quot;desktop&quot;,&quot;tablet&quot;,&quot;mobile&quot;]}\">\n\t\t\t\t\t\t\t<div class=\"elementor-background-overlay\"><\/div>\n\t\t\t\t\t\t\t<div class=\"elementor-container elementor-column-gap-default\">\n\t\t\t\t\t<div class=\"elementor-column elementor-col-100 elementor-top-column elementor-element elementor-element-62c0e22\" data-id=\"62c0e22\" data-element_type=\"column\" data-e-type=\"column\">\n\t\t\t<div class=\"elementor-widget-wrap elementor-element-populated\">\n\t\t\t\t\t\t<div class=\"elementor-element elementor-element-43987d4 elementor-widget elementor-widget-heading\" data-id=\"43987d4\" data-element_type=\"widget\" data-e-type=\"widget\" data-widget_type=\"heading.default\">\n\t\t\t\t\t<h2 class=\"elementor-heading-title elementor-size-default\">Samarbeten och systerorganisationer<\/h2>\t\t\t\t<\/div>\n\t\t\t\t\t<\/div>\n\t\t<\/div>\n\t\t\t\t\t<\/div>\n\t\t<\/section>\n\t\t<div class=\"elementor-element elementor-element-109fec3 e-flex e-con-boxed e-con e-parent\" data-id=\"109fec3\" data-element_type=\"container\" data-e-type=\"container\" data-settings=\"{&quot;background_background&quot;:&quot;classic&quot;}\">\n\t\t\t\t\t<div class=\"e-con-inner\">\n\t\t\t\t<div class=\"elementor-element elementor-element-910df72 elementor-widget elementor-widget-spacer\" data-id=\"910df72\" data-element_type=\"widget\" data-e-type=\"widget\" data-widget_type=\"spacer.default\">\n\t\t\t\t\t\t\t<div class=\"elementor-spacer\">\n\t\t\t<div class=\"elementor-spacer-inner\"><\/div>\n\t\t<\/div>\n\t\t\t\t\t\t<\/div>\n\t\t\t\t<div class=\"elementor-element elementor-element-aade6fd elementor-widget elementor-widget-text-editor\" data-id=\"aade6fd\" data-element_type=\"widget\" data-e-type=\"widget\" data-widget_type=\"text-editor.default\">\n\t\t\t\t\t\t\t\t\t<p>Vi \u00e4r v\u00e4ldigt stolta och glada \u00f6ver samtliga av v\u00e5ra samarbeten. Nedan kan du se alla v\u00e5ra samarbeten och systerorganisationer.<br \/><span style=\"font-style: inherit; font-weight: inherit; text-align: var(--text-align); background-color: var( --e-global-color-astglobalcolor5 ); color: var(--ast-global-color-3);\">\u00c4r du nyfiken p\u00e5 att samarbeta med oss? Kontakta oss <\/span><a style=\"font-style: inherit; font-weight: inherit; text-align: var(--text-align);\" href=\"https:\/\/womengineer.org\/kontakta-oss\/\" target=\"_blank\" rel=\"noopener\">h\u00e4r<\/a><span style=\"font-style: inherit; font-weight: inherit; text-align: var(--text-align); background-color: var( --e-global-color-astglobalcolor5 ); color: var(--ast-global-color-3);\"> s\u00e5 tar vi ett samtal!<\/span><\/p>\t\t\t\t\t\t\t\t<\/div>\n\t\t\t\t<div class=\"elementor-element elementor-element-b286391 elementor-skin-carousel elementor-arrows-yes elementor-pagination-type-bullets elementor-pagination-position-outside elementor-widget elementor-widget-media-carousel\" data-id=\"b286391\" data-element_type=\"widget\" data-e-type=\"widget\" data-settings=\"{&quot;slides_per_view&quot;:&quot;4&quot;,&quot;autoplay_speed&quot;:1500,&quot;space_between&quot;:{&quot;unit&quot;:&quot;px&quot;,&quot;size&quot;:25,&quot;sizes&quot;:[]},&quot;skin&quot;:&quot;carousel&quot;,&quot;effect&quot;:&quot;slide&quot;,&quot;show_arrows&quot;:&quot;yes&quot;,&quot;pagination&quot;:&quot;bullets&quot;,&quot;speed&quot;:500,&quot;autoplay&quot;:&quot;yes&quot;,&quot;loop&quot;:&quot;yes&quot;,&quot;pause_on_hover&quot;:&quot;yes&quot;,&quot;pause_on_interaction&quot;:&quot;yes&quot;,&quot;space_between_tablet&quot;:{&quot;unit&quot;:&quot;px&quot;,&quot;size&quot;:10,&quot;sizes&quot;:[]},&quot;space_between_mobile&quot;:{&quot;unit&quot;:&quot;px&quot;,&quot;size&quot;:10,&quot;sizes&quot;:[]}}\" data-widget_type=\"media-carousel.default\">\n\t\t\t\t\t\t\t\t\t\t<div class=\"elementor-main-swiper swiper\" role=\"region\" aria-roledescription=\"carousel\" aria-label=\"Bildspel\">\n\t\t\t\t<div class=\"swiper-wrapper\">\n\t\t\t\t\t\t\t\t\t\t\t<div class=\"swiper-slide\" role=\"group\" aria-roledescription=\"slide\">\n\t\t\t\t\t\t\t<a href=\"https:\/\/datatjej.se\/\" target=\"_blank\">\t\t<div class=\"elementor-carousel-image\" role=\"img\" aria-label=\"Data Tjej\" style=\"background-image: url(&#039;https:\/\/i0.wp.com\/womengineer.org\/wp-content\/uploads\/2024\/11\/5.png?fit=300%2C300&amp;ssl=1&#039;)\">\n\n\t\t\t\n\t\t\t\t\t<\/div>\n\t\t\t\t\t<div class=\"elementor-carousel-image-overlay e-overlay-animation-zoom-in\">\n\t\t\t\tDataTjej \u00e4r ett n\u00e4tverk mellan individer i alla \u00e5ldrar som identifierar sig som kvinnor eller icke-bin\u00e4ra och pluggar, jobbar eller \u00e4r intresserade av IT eller data.\t\t\t<\/div>\n\t\t\t<\/a>\t\t\t\t\t\t<\/div>\n\t\t\t\t\t\t\t\t\t\t\t<div class=\"swiper-slide\" role=\"group\" aria-roledescription=\"slide\">\n\t\t\t\t\t\t\t<a href=\"https:\/\/www.pepp.io\/\" target=\"_blank\">\t\t<div class=\"elementor-carousel-image\" role=\"img\" aria-label=\"Pepp\" style=\"background-image: url(&#039;https:\/\/i0.wp.com\/womengineer.org\/wp-content\/uploads\/2024\/11\/6.png?fit=300%2C300&amp;ssl=1&#039;)\">\n\n\t\t\t\n\t\t\t\t\t<\/div>\n\t\t\t\t\t<div class=\"elementor-carousel-image-overlay e-overlay-animation-zoom-in\">\n\t\t\t\tPepp \u00e4r ett mentorsskapsprogram d\u00e4r du som tjej f\u00e5r en mentor fr\u00e5n universitetet som hj\u00e4lper dig uppt\u00e4cka m\u00f6jligheterna teknikbranschen har att erbjuda. \t\t\t<\/div>\n\t\t\t<\/a>\t\t\t\t\t\t<\/div>\n\t\t\t\t\t\t\t\t\t\t\t<div class=\"swiper-slide\" role=\"group\" aria-roledescription=\"slide\">\n\t\t\t\t\t\t\t<a href=\"https:\/\/sv.ewb-swe.org\/\" target=\"_blank\">\t\t<div class=\"elementor-carousel-image\" role=\"img\" aria-label=\"Ingenj\u00f6rer utan gr\u00e4nser\" style=\"background-image: url(&#039;https:\/\/i0.wp.com\/womengineer.org\/wp-content\/uploads\/2024\/11\/7.png?fit=300%2C300&amp;ssl=1&#039;)\">\n\n\t\t\t\n\t\t\t\t\t<\/div>\n\t\t\t\t\t<div class=\"elementor-carousel-image-overlay e-overlay-animation-zoom-in\">\n\t\t\t\tIngenj\u00f6rer utan gr\u00e4nser arbetar f\u00f6r att st\u00f6dja och inspirera ungdomar och tidiga karri\u00e4rproffs att engagera sig i teknik och \u00f6verv\u00e4ga en ingenj\u00f6rskarri\u00e4r.\t\t\t<\/div>\n\t\t\t<\/a>\t\t\t\t\t\t<\/div>\n\t\t\t\t\t\t\t\t\t\t\t<div class=\"swiper-slide\" role=\"group\" aria-roledescription=\"slide\">\n\t\t\t\t\t\t\t<a href=\"https:\/\/www.iva.se\/\" target=\"_blank\">\t\t<div class=\"elementor-carousel-image\" role=\"img\" aria-label=\"IVA\" style=\"background-image: url(&#039;https:\/\/i0.wp.com\/womengineer.org\/wp-content\/uploads\/2024\/11\/8.png?fit=300%2C300&amp;ssl=1&#039;)\">\n\n\t\t\t\n\t\t\t\t\t<\/div>\n\t\t\t\t\t<div class=\"elementor-carousel-image-overlay e-overlay-animation-zoom-in\">\n\t\t\t\tI 100 \u00e5r har Kungl. Ingenj\u00f6rsvetenskapsakademien (IVA) varit en m\u00f6tesplats f\u00f6r Sveriges framtid. IVA samlar kompetens och erfarenhet fr\u00e5n mer \u00e4n 1 200 invalda akademiledam\u00f6ter och 250 f\u00f6retag.\t\t\t<\/div>\n\t\t\t<\/a>\t\t\t\t\t\t<\/div>\n\t\t\t\t\t\t\t\t\t\t\t<div class=\"swiper-slide\" role=\"group\" aria-roledescription=\"slide\">\n\t\t\t\t\t\t\t<a href=\"https:\/\/girlsinstem.se\/\" target=\"_blank\">\t\t<div class=\"elementor-carousel-image\" role=\"img\" aria-label=\"Girls in STEM fungerar som en plattform f\u00f6r ungdomar, en plats d\u00e4r det oavsett bakgrund ska finnas m\u00f6jlighet till att utveckla sitt eller skapa ett intresse.\" style=\"background-image: url(&#039;https:\/\/i0.wp.com\/womengineer.org\/wp-content\/uploads\/2024\/11\/2-1.png?fit=300%2C300&amp;ssl=1&#039;)\">\n\n\t\t\t\n\t\t\t\t\t<\/div>\n\t\t\t\t\t<div class=\"elementor-carousel-image-overlay e-overlay-animation-zoom-in\">\n\t\t\t\tGirls in STEM fungerar som en plattform f\u00f6r ungdomar, en plats d\u00e4r det oavsett bakgrund ska finnas m\u00f6jlighet till att utveckla sitt eller skapa ett intresse.\t\t\t<\/div>\n\t\t\t<\/a>\t\t\t\t\t\t<\/div>\n\t\t\t\t\t\t\t\t\t\t\t<div class=\"swiper-slide\" role=\"group\" aria-roledescription=\"slide\">\n\t\t\t\t\t\t\t<a href=\"https:\/\/pinkprogramming.se\/\" target=\"_blank\">\t\t<div class=\"elementor-carousel-image\" role=\"img\" aria-label=\"Pink Programming\" style=\"background-image: url(&#039;https:\/\/i0.wp.com\/womengineer.org\/wp-content\/uploads\/2024\/11\/3.png?fit=300%2C300&amp;ssl=1&#039;)\">\n\n\t\t\t\n\t\t\t\t\t<\/div>\n\t\t\t\t\t<div class=\"elementor-carousel-image-overlay e-overlay-animation-zoom-in\">\n\t\t\t\tPink Programming \u00e4r en ideell f\u00f6rening vars m\u00e5l \u00e4r att fler kvinnor ska programmera.\t\t\t<\/div>\n\t\t\t<\/a>\t\t\t\t\t\t<\/div>\n\t\t\t\t\t\t\t\t\t\t\t<div class=\"swiper-slide\" role=\"group\" aria-roledescription=\"slide\">\n\t\t\t\t\t\t\t<a href=\"https:\/\/imagilabs.com\/\" target=\"_blank\">\t\t<div class=\"elementor-carousel-image\" role=\"img\" aria-label=\"ImagiLabs\" style=\"background-image: url(&#039;https:\/\/i0.wp.com\/womengineer.org\/wp-content\/uploads\/2024\/11\/4.png?fit=300%2C300&amp;ssl=1&#039;)\">\n\n\t\t\t\n\t\t\t\t\t<\/div>\n\t\t\t\t\t<div class=\"elementor-carousel-image-overlay e-overlay-animation-zoom-in\">\n\t\t\t\tMed deras imagiCharm, en accessoar speciellt gjord f\u00f6r tjejer som vill l\u00e4ra sig att koda, vill ImagiLabs inspirera fler tjejer att koda.\t\t\t<\/div>\n\t\t\t<\/a>\t\t\t\t\t\t<\/div>\n\t\t\t\t\t\t\t\t\t\t\t<div class=\"swiper-slide\" role=\"group\" aria-roledescription=\"slide\">\n\t\t\t\t\t\t\t<a href=\"https:\/\/www.teknikspranget.se\/\" target=\"_blank\">\t\t<div class=\"elementor-carousel-image\" role=\"img\" aria-label=\"Teknikspr\u00e5nget\" style=\"background-image: url(&#039;https:\/\/i0.wp.com\/womengineer.org\/wp-content\/uploads\/2024\/11\/9.png?fit=300%2C300&amp;ssl=1&#039;)\">\n\n\t\t\t\n\t\t\t\t\t<\/div>\n\t\t\t\t\t<div class=\"elementor-carousel-image-overlay e-overlay-animation-zoom-in\">\n\t\t\t\tTeknikspr\u00e5nget vill inspirera fler unga till att l\u00e4sa en h\u00f6gre teknisk utbildning genom att erbjuda betala praktikplatser.\t\t\t<\/div>\n\t\t\t<\/a>\t\t\t\t\t\t<\/div>\n\t\t\t\t\t\t\t\t\t\t\t<div class=\"swiper-slide\" role=\"group\" aria-roledescription=\"slide\">\n\t\t\t\t\t\t\t<a href=\"https:\/\/www.sverigesingenjorer.se\/\" target=\"_blank\">\t\t<div class=\"elementor-carousel-image\" role=\"img\" aria-label=\"Sveriges Ingenj\u00f6rer\" style=\"background-image: url(&#039;https:\/\/i0.wp.com\/womengineer.org\/wp-content\/uploads\/2024\/11\/10.png?fit=300%2C300&amp;ssl=1&#039;)\">\n\n\t\t\t\n\t\t\t\t\t<\/div>\n\t\t\t\t\t<div class=\"elementor-carousel-image-overlay e-overlay-animation-zoom-in\">\n\t\t\t\tSveriges Ingenj\u00f6rer \u00e4r drivande i fr\u00e5gor som r\u00f6r ingenj\u00f6rskompetens av idag och i morgon. \t\t\t<\/div>\n\t\t\t<\/a>\t\t\t\t\t\t<\/div>\n\t\t\t\t\t\t\t\t\t\t\t<div class=\"swiper-slide\" role=\"group\" aria-roledescription=\"slide\">\n\t\t\t\t\t\t\t<a href=\"https:\/\/komtek.se\/\" target=\"_blank\">\t\t<div class=\"elementor-carousel-image\" role=\"img\" aria-label=\"Komtek\" style=\"background-image: url(&#039;https:\/\/i0.wp.com\/womengineer.org\/wp-content\/uploads\/2024\/11\/11.png?fit=300%2C300&amp;ssl=1&#039;)\">\n\n\t\t\t\n\t\t\t\t\t<\/div>\n\t\t\t\t\t<div class=\"elementor-carousel-image-overlay e-overlay-animation-zoom-in\">\n\t\t\t\tF\u00f6r att p\u00e5 l\u00e5ng sikt vara ett st\u00f6d i att bredda n\u00e4ringslivets rekryteringsbas str\u00e4var KomTek d\u00e4rf\u00f6r efter att ha h\u00e4lften flickor och h\u00e4lften pojkar i v\u00e5ra kurser.\t\t\t<\/div>\n\t\t\t<\/a>\t\t\t\t\t\t<\/div>\n\t\t\t\t\t\t\t\t\t\t\t<div class=\"swiper-slide\" role=\"group\" aria-roledescription=\"slide\">\n\t\t\t\t\t\t\t<a href=\"https:\/\/zooma.agency\/sv\/\" target=\"_blank\">\t\t<div class=\"elementor-carousel-image\" role=\"img\" aria-label=\"Zooma\" style=\"background-image: url(&#039;https:\/\/i0.wp.com\/womengineer.org\/wp-content\/uploads\/2024\/11\/12.png?fit=300%2C300&amp;ssl=1&#039;)\">\n\n\t\t\t\n\t\t\t\t\t<\/div>\n\t\t\t\t\t<div class=\"elementor-carousel-image-overlay e-overlay-animation-zoom-in\">\n\t\t\t\tZooma \u00e4r en digital byr\u00e5. Vi tycker att Womengineer g\u00f6r ett fantastiskt arbete f\u00f6r att f\u00e5 fler tjejer intresserade av ingenj\u00f6rsyrket.\t\t\t<\/div>\n\t\t\t<\/a>\t\t\t\t\t\t<\/div>\n\t\t\t\t\t\t\t\t\t\t\t<div class=\"swiper-slide\" role=\"group\" aria-roledescription=\"slide\">\n\t\t\t\t\t\t\t<a href=\"https:\/\/normalaw.se\/\" target=\"_blank\">\t\t<div class=\"elementor-carousel-image\" role=\"img\" aria-label=\"Norma\" style=\"background-image: url(&#039;https:\/\/i0.wp.com\/womengineer.org\/wp-content\/uploads\/2024\/11\/13.png?fit=300%2C300&amp;ssl=1&#039;)\">\n\n\t\t\t\n\t\t\t\t\t<\/div>\n\t\t\t\t\t<div class=\"elementor-carousel-image-overlay e-overlay-animation-zoom-in\">\n\t\t\t\tAdvokatfirman Norma Law (NORMA Advokater) arbetar aktivt f\u00f6r att \u00f6ka j\u00e4mst\u00e4lldheten mellan kvinnor och vi \u00e4r stolta \u00f6ver att kunna bidra till Womengineers verksamhet.\t\t\t<\/div>\n\t\t\t<\/a>\t\t\t\t\t\t<\/div>\n\t\t\t\t\t\t\t\t\t\t\t<div class=\"swiper-slide\" role=\"group\" aria-roledescription=\"slide\">\n\t\t\t\t\t\t\t<a href=\"https:\/\/www.teachforsweden.se\/\" target=\"_blank\">\t\t<div class=\"elementor-carousel-image\" role=\"img\" aria-label=\"Teach for Sweden\" style=\"background-image: url(&#039;https:\/\/i0.wp.com\/womengineer.org\/wp-content\/uploads\/2024\/11\/14.png?fit=300%2C300&amp;ssl=1&#039;)\">\n\n\t\t\t\n\t\t\t\t\t<\/div>\n\t\t\t\t\t<div class=\"elementor-carousel-image-overlay e-overlay-animation-zoom-in\">\n\t\t\t\tAlla barn ska ha r\u00e4tt att v\u00e4lja sin egen framtid och kunna f\u00f6lja sina dr\u00f6mmar. Vi p\u00e5 Teach for Sweden \u00e4r glada \u00f6ver samarbetet med Womengineer.\t\t\t<\/div>\n\t\t\t<\/a>\t\t\t\t\t\t<\/div>\n\t\t\t\t\t\t\t\t\t\t\t<div class=\"swiper-slide\" role=\"group\" aria-roledescription=\"slide\">\n\t\t\t\t\t\t\t<a href=\"https:\/\/diverseexecutiveboards.com\/\" target=\"_blank\">\t\t<div class=\"elementor-carousel-image\" role=\"img\" aria-label=\"deb.\" style=\"background-image: url(&#039;https:\/\/i0.wp.com\/womengineer.org\/wp-content\/uploads\/2024\/11\/15.png?fit=300%2C300&amp;ssl=1&#039;)\">\n\n\t\t\t\n\t\t\t\t\t<\/div>\n\t\t\t\t\t<div class=\"elementor-carousel-image-overlay e-overlay-animation-zoom-in\">\n\t\t\t\tdeb. erbjuder ett modernt, kvalitativt och givande program med fokus p\u00e5 att \u00f6ka deltagarnas kompetens inom styrelsearbete, tech och m\u00e5ngfald.\t\t\t<\/div>\n\t\t\t<\/a>\t\t\t\t\t\t<\/div>\n\t\t\t\t\t\t\t\t\t\t\t<div class=\"swiper-slide\" role=\"group\" aria-roledescription=\"slide\">\n\t\t\t\t\t\t\t<a href=\"https:\/\/ungforetagsamhet.se\/stockholm\" target=\"_blank\">\t\t<div class=\"elementor-carousel-image\" role=\"img\" aria-label=\"UF\" style=\"background-image: url(&#039;https:\/\/i0.wp.com\/womengineer.org\/wp-content\/uploads\/2024\/11\/Loggor-pa-hemsidan-1.png?fit=300%2C300&amp;ssl=1&#039;)\">\n\n\t\t\t\n\t\t\t\t\t<\/div>\n\t\t\t\t\t<div class=\"elementor-carousel-image-overlay e-overlay-animation-zoom-in\">\n\t\t\t\tUF Stockholm ger barn och ungdomar m\u00f6jlighet att tr\u00e4na och utveckla sin kreativitet, f\u00f6retagsamhet och sitt entrepren\u00f6rskap.\t\t\t<\/div>\n\t\t\t<\/a>\t\t\t\t\t\t<\/div>\n\t\t\t\t\t\t\t\t\t\t\t<div class=\"swiper-slide\" role=\"group\" aria-roledescription=\"slide\">\n\t\t\t\t\t\t\t\t\t<div class=\"elementor-carousel-image\" role=\"img\" aria-label=\"Att ha mens \u00e4r n\u00e5got som ber\u00f6r h\u00e4lften av befolkningen, att ha tillg\u00e5ng till fria mensskydd p\u00e5 toaletten b\u00f6r vara en sj\u00e4lvklarhet, precis som toalettpapper.\" style=\"background-image: url(&#039;https:\/\/i0.wp.com\/womengineer.org\/wp-content\/uploads\/2025\/08\/Vi-som-jobbar-har-4.png?fit=300%2C300&amp;ssl=1&#039;)\">\n\n\t\t\t\n\t\t\t\t\t<\/div>\n\t\t\t\t\t<div class=\"elementor-carousel-image-overlay e-overlay-animation-zoom-in\">\n\t\t\t\tAtt ha mens \u00e4r n\u00e5got som ber\u00f6r h\u00e4lften av befolkningen, att ha tillg\u00e5ng till fria mensskydd p\u00e5 toaletten b\u00f6r vara en sj\u00e4lvklarhet, precis som toalettpapper.\t\t\t<\/div>\n\t\t\t\t\t\t\t\t\t<\/div>\n\t\t\t\t\t\t\t\t\t<\/div>\n\t\t\t\t\t\t\t\t\t\t\t\t\t\t\t<div class=\"elementor-swiper-button elementor-swiper-button-prev\" role=\"button\" tabindex=\"0\" aria-label=\"F\u00f6reg\u00e5ende\">\n\t\t\t\t\t\t\t<svg aria-hidden=\"true\" class=\"e-font-icon-svg e-eicon-chevron-left\" viewBox=\"0 0 1000 1000\" xmlns=\"http:\/\/www.w3.org\/2000\/svg\"><path d=\"M646 125C629 125 613 133 604 142L308 442C296 454 292 471 292 487 292 504 296 521 308 533L604 854C617 867 629 875 646 875 663 875 679 871 692 858 704 846 713 829 713 812 713 796 708 779 692 767L438 487 692 225C700 217 708 204 708 187 708 171 704 154 692 142 675 129 663 125 646 125Z\"><\/path><\/svg>\t\t\t\t\t\t<\/div>\n\t\t\t\t\t\t<div class=\"elementor-swiper-button elementor-swiper-button-next\" role=\"button\" tabindex=\"0\" aria-label=\"N\u00e4sta\">\n\t\t\t\t\t\t\t<svg aria-hidden=\"true\" class=\"e-font-icon-svg e-eicon-chevron-right\" viewBox=\"0 0 1000 1000\" xmlns=\"http:\/\/www.w3.org\/2000\/svg\"><path d=\"M696 533C708 521 713 504 713 487 713 471 708 454 696 446L400 146C388 133 375 125 354 125 338 125 325 129 313 142 300 154 292 171 292 187 292 204 296 221 308 233L563 492 304 771C292 783 288 800 288 817 288 833 296 850 308 863 321 871 338 875 354 875 371 875 388 867 400 854L696 533Z\"><\/path><\/svg>\t\t\t\t\t\t<\/div>\n\t\t\t\t\t\t\t\t\t\t\t\t\t\t\t\t<div class=\"swiper-pagination\"><\/div>\n\t\t\t\t\t\t\t\t\t\t\t\t<\/div>\n\t\t\t\t\t\t\t\t<\/div>\n\t\t\t\t<div class=\"elementor-element elementor-element-b457991 elementor-widget elementor-widget-spacer\" data-id=\"b457991\" data-element_type=\"widget\" data-e-type=\"widget\" data-widget_type=\"spacer.default\">\n\t\t\t\t\t\t\t<div class=\"elementor-spacer\">\n\t\t\t<div class=\"elementor-spacer-inner\"><\/div>\n\t\t<\/div>\n\t\t\t\t\t\t<\/div>\n\t\t\t\t\t<\/div>\n\t\t\t\t<\/div>\n\t\t\t\t<\/div>\n\t\t","protected":false},"excerpt":{"rendered":"<p>Samarbeten och systerorganisationer Vi \u00e4r v\u00e4ldigt stolta och glada \u00f6ver samtliga av v\u00e5ra samarbeten. Nedan kan du se alla v\u00e5ra [&hellip;]<\/p>\n","protected":false},"author":18,"featured_media":21679,"parent":0,"menu_order":0,"comment_status":"closed","ping_status":"closed","template":"","meta":{"content-type":"","_exactmetrics_skip_tracking":false,"_exactmetrics_sitenote_active":false,"_exactmetrics_sitenote_note":"","_exactmetrics_sitenote_category":0,"site-sidebar-layout":"no-sidebar","site-content-layout":"page-builder","ast-site-content-layout":"default","site-content-style":"default","site-sidebar-style":"default","ast-global-header-display":"","ast-banner-title-visibility":"","ast-main-header-display":"","ast-hfb-above-header-display":"","ast-hfb-below-header-display":"","ast-hfb-mobile-header-display":"","site-post-title":"disabled","ast-breadcrumbs-content":"","ast-featured-img":"disabled","footer-sml-layout":"","theme-transparent-header-meta":"","adv-header-id-meta":"","stick-header-meta":"","header-above-stick-meta":"","header-main-stick-meta":"","header-below-stick-meta":"","astra-migrate-meta-layouts":"default","ast-page-background-enabled":"default","ast-page-background-meta":{"desktop":{"background-color":"var(--ast-global-color-4)","background-image":"","background-repeat":"repeat","background-position":"center center","background-size":"auto","background-attachment":"scroll","background-type":"","background-media":"","overlay-type":"","overlay-color":"","overlay-opacity":"","overlay-gradient":""},"tablet":{"background-color":"","background-image":"","background-repeat":"repeat","background-position":"center center","background-size":"auto","background-attachment":"scroll","background-type":"","background-media":"","overlay-type":"","overlay-color":"","overlay-opacity":"","overlay-gradient":""},"mobile":{"background-color":"","background-image":"","background-repeat":"repeat","background-position":"center center","background-size":"auto","background-attachment":"scroll","background-type":"","background-media":"","overlay-type":"","overlay-color":"","overlay-opacity":"","overlay-gradient":""}},"ast-content-background-meta":{"desktop":{"background-color":"var(--ast-global-color-5)","background-image":"","background-repeat":"repeat","background-position":"center center","background-size":"auto","background-attachment":"scroll","background-type":"","background-media":"","overlay-type":"","overlay-color":"","overlay-opacity":"","overlay-gradient":""},"tablet":{"background-color":"var(--ast-global-color-5)","background-image":"","background-repeat":"repeat","background-position":"center center","background-size":"auto","background-attachment":"scroll","background-type":"","background-media":"","overlay-type":"","overlay-color":"","overlay-opacity":"","overlay-gradient":""},"mobile":{"background-color":"var(--ast-global-color-5)","background-image":"","background-repeat":"repeat","background-position":"center center","background-size":"auto","background-attachment":"scroll","background-type":"","background-media":"","overlay-type":"","overlay-color":"","overlay-opacity":"","overlay-gradient":""}},"_themeisle_gutenberg_block_has_review":false,"footnotes":""},"class_list":["post-21413","page","type-page","status-publish","has-post-thumbnail","hentry"],"aioseo_notices":[],"jetpack_sharing_enabled":true,"_links":{"self":[{"href":"https:\/\/womengineer.org\/en\/wp-json\/wp\/v2\/pages\/21413","targetHints":{"allow":["GET"]}}],"collection":[{"href":"https:\/\/womengineer.org\/en\/wp-json\/wp\/v2\/pages"}],"about":[{"href":"https:\/\/womengineer.org\/en\/wp-json\/wp\/v2\/types\/page"}],"author":[{"embeddable":true,"href":"https:\/\/womengineer.org\/en\/wp-json\/wp\/v2\/users\/18"}],"replies":[{"embeddable":true,"href":"https:\/\/womengineer.org\/en\/wp-json\/wp\/v2\/comments?post=21413"}],"version-history":[{"count":64,"href":"https:\/\/womengineer.org\/en\/wp-json\/wp\/v2\/pages\/21413\/revisions"}],"predecessor-version":[{"id":39228,"href":"https:\/\/womengineer.org\/en\/wp-json\/wp\/v2\/pages\/21413\/revisions\/39228"}],"wp:featuredmedia":[{"embeddable":true,"href":"https:\/\/womengineer.org\/en\/wp-json\/wp\/v2\/media\/21679"}],"wp:attachment":[{"href":"https:\/\/womengineer.org\/en\/wp-json\/wp\/v2\/media?parent=21413"}],"curies":[{"name":"wp","href":"https:\/\/api.w.org\/{rel}","templated":true}]}}